{"id":55,"date":"2018-06-27T23:00:55","date_gmt":"2018-06-27T23:00:55","guid":{"rendered":"http:\/\/www.funproeibandes.org\/?page_id=55"},"modified":"2024-06-04T14:56:14","modified_gmt":"2024-06-04T18:56:14","slug":"personal","status":"publish","type":"page","link":"https:\/\/old.funproeibandes.org\/?page_id=55","title":{"rendered":"Personal Funproeib Andes"},"content":{"rendered":"\n<div class=\"wp-block-columns is-layout-flex wp-container-core-columns-layout-1 wp-block-columns-is-layout-flex\">\n<div class=\"wp-block-column is-layout-flow wp-block-column-is-layout-flow\">\n<p><\/p>\n\n\n\n<p><\/p>\n\n\n\n<p class=\"has-text-align-center has-large-font-size\">Directora Ejecutiva<\/p>\n\n\n\n<p class=\"has-text-align-center\"><strong>J<\/strong>. <strong>Nohem\u00ed Mengoa de Vargas<\/strong><br><strong>Correo Electr\u00f3nico<\/strong>: <br><a href=\"mailto:nmengoa@funproeibandes.org\" target=\"_blank\" rel=\"noreferrer noopener\">nmengoa@funproeibandes.org<\/a><\/p>\n\n\n\n<div style=\"height:78px\" aria-hidden=\"true\" class=\"wp-block-spacer\"><\/div>\n<\/div>\n<\/div>\n\n\n\n<p class=\"has-text-align-center has-large-font-size\">Coordinador General de Proyectos<\/p>\n\n\n\n<p class=\"has-text-align-center\"><strong>Carlos Esteban Callapa Flores<\/strong><\/p>\n\n\n\n<p class=\"has-text-align-center has-small-font-size\">Coordinador de Subproyecto en<br>Educaci\u00f3n Superior y TIC<br>Activismos digitales en lenguas ind\u00edgenas<strong><br>Correo Electr\u00f3nico: <\/strong><a href=\"mailto:ccallapa@funproeibandes.org\">ccallapa@funproeibandes.org<\/a><\/p>\n\n\n\n<div style=\"height:56px\" aria-hidden=\"true\" class=\"wp-block-spacer\"><\/div>\n\n\n\n<div class=\"wp-block-columns is-layout-flex wp-container-core-columns-layout-2 wp-block-columns-is-layout-flex\">\n<div class=\"wp-block-column is-layout-flow wp-block-column-is-layout-flow\"><\/div>\n\n\n\n<div class=\"wp-block-column is-layout-flow wp-block-column-is-layout-flow\"><\/div>\n\n\n\n<div class=\"wp-block-column is-layout-flow wp-block-column-is-layout-flow\"><\/div>\n<\/div>\n\n\n\n<div class=\"wp-block-columns is-layout-flex wp-container-core-columns-layout-3 wp-block-columns-is-layout-flex\">\n<div class=\"wp-block-column is-layout-flow wp-block-column-is-layout-flow\">\n<p class=\"has-text-align-center has-small-font-size\"><strong>Daniel Guzm\u00e1n<\/strong> <strong>Paco<\/strong><br>Coordinador de Subproyecto en<br>Diplomado y Emprendimiento en revitalizaci\u00f3n cultural y ling\u00fc\u00edstica.<br><strong>Correo Electr\u00f3nico<\/strong>: <a href=\"mailto:dguzman@funproeibandes.org\">dguzman@funproeibandes.org<\/a><\/p>\n<\/div>\n\n\n\n<div class=\"wp-block-column is-layout-flow wp-block-column-is-layout-flow\">\n<p class=\"has-text-align-center has-small-font-size\"><strong>Delicia Escalera Salazar<\/strong><br>Coordinadora de Subproyecto<br>en Educaci\u00f3n Superior en la Naci\u00f3n Uru.<br><strong>Correo Electr\u00f3nico:<\/strong> <a href=\"mailto:descalera@funproeibandes.org\">descalera@funproeibandes.org<\/a><\/p>\n<\/div>\n\n\n\n<div class=\"wp-block-column is-layout-flow wp-block-column-is-layout-flow\">\n<p class=\"has-text-align-center has-small-font-size\"><strong>Harry Soria Galvarro S\u00e1nchez de Lozada<\/strong><br>Coordinador de Subproyecto<br>Investigaci\u00f3n y educaci\u00f3n superior intercutural, culturas y lenguas ind\u00edgenas en Bolivia.<br><strong>Correo Electr\u00f3nico:<\/strong> <a rel=\"noreferrer noopener\" href=\"mailto:hsoria@funproeibandes.org\" target=\"_blank\">hsoria@funproeibandes.org<\/a><\/p>\n<\/div>\n<\/div>\n\n\n\n<div class=\"wp-block-columns is-layout-flex wp-container-core-columns-layout-4 wp-block-columns-is-layout-flex\">\n<div class=\"wp-block-column is-layout-flow wp-block-column-is-layout-flow\"><\/div>\n\n\n\n<div class=\"wp-block-column is-layout-flow wp-block-column-is-layout-flow\"><\/div>\n<\/div>\n\n\n\n<div class=\"wp-block-columns is-layout-flex wp-container-core-columns-layout-5 wp-block-columns-is-layout-flex\">\n<div class=\"wp-block-column is-layout-flow wp-block-column-is-layout-flow\">\n<p class=\"has-text-align-center\"><strong>Karen Rodr\u00edguez Quintanilla <\/strong><\/p>\n\n\n\n<p class=\"has-text-align-center\">Comunicadora <br><strong>Correo Electr\u00f3nico<\/strong>: <\/p>\n\n\n\n<p class=\"has-text-align-center\"><a href=\"mailto:dguzman@funproeibandes.org\">prodriguez@funproeibandes.org<\/a><\/p>\n<\/div>\n\n\n\n<div class=\"wp-block-column is-layout-flow wp-block-column-is-layout-flow\">\n<p class=\"has-text-align-center\"><strong>Mayra Micaela Rojas Pinto <\/strong><\/p>\n\n\n\n<p class=\"has-text-align-center\">Asistente T\u00e9cnico<br><strong>Correo Electr\u00f3nico:<\/strong><\/p>\n\n\n\n<p class=\"has-text-align-center\">     <a rel=\"noreferrer noopener\" href=\"mailto:mrojas@funproeibandes.org\" target=\"_blank\">mrojas@funproeibandes.org<\/a> <\/p>\n<\/div>\n<\/div>\n\n\n\n<div class=\"wp-block-columns is-layout-flex wp-container-core-columns-layout-7 wp-block-columns-is-layout-flex\">\n<div class=\"wp-block-column is-layout-flow wp-block-column-is-layout-flow\">\n<div class=\"wp-block-columns is-layout-flex wp-container-core-columns-layout-6 wp-block-columns-is-layout-flex\">\n<div class=\"wp-block-column is-layout-flow wp-block-column-is-layout-flow\">\n<p class=\"has-text-align-center\"><strong>Cinthia Dur\u00e1n Gim\u00e9nez<\/strong><br>Asistente Ejecutiva<br><strong>Correo Electr\u00f3nico:<\/strong>    <\/p>\n\n\n\n<p class=\"has-text-align-center\"><a href=\"mailto:cduran@funproeibandes.org\">cduran@funproeibandes.org<\/a><\/p>\n<\/div>\n\n\n\n<div class=\"wp-block-column is-layout-flow wp-block-column-is-layout-flow\">\n<p class=\"has-text-align-center\"><strong>Shariel P\u00e9rez Guill\u00e9n<\/strong><br>Contadora<br><strong>Correo Electr\u00f3nico:<\/strong> <\/p>\n\n\n\n<p class=\"has-text-align-center\"><a rel=\"noreferrer noopener\" href=\"mailto:cduran@funproeibandes.org\" target=\"_blank\">shperez@funproeibandes.org<\/a><\/p>\n\n\n\n<p><\/p>\n\n\n\n<p><\/p>\n\n\n\n<p><\/p>\n<\/div>\n<\/div>\n<\/div>\n<\/div>\n","protected":false},"excerpt":{"rendered":"<p>Directora Ejecutiva J. Nohem\u00ed Mengoa de VargasCorreo Electr\u00f3nico: nmengoa@funproeibandes.org Coordinador General de Proyectos Carlos Esteban Callapa Flores Coordinador de Subproyecto enEducaci\u00f3n Superior y TICActivismos digitales en lenguas ind\u00edgenasCorreo Electr\u00f3nico: ccallapa@funproeibandes.org Daniel Guzm\u00e1n PacoCoordinador de Subproyecto enDiplomado y Emprendimiento en revitalizaci\u00f3n cultural y ling\u00fc\u00edstica.Correo Electr\u00f3nico: dguzman@funproeibandes.org Delicia Escalera SalazarCoordinadora de Subproyectoen Educaci\u00f3n Superior en la Naci\u00f3n &hellip; <\/p>\n<p><a class=\"more-link btn\" href=\"https:\/\/old.funproeibandes.org\/?page_id=55\">Seguir leyendo<\/a><\/p>\n","protected":false},"author":1,"featured_media":0,"parent":11,"menu_order":4,"comment_status":"closed","ping_status":"closed","template":"","meta":{"footnotes":"","_joinchat":[]},"_links":{"self":[{"href":"https:\/\/old.funproeibandes.org\/index.php?rest_route=\/wp\/v2\/pages\/55"}],"collection":[{"href":"https:\/\/old.funproeibandes.org\/index.php?rest_route=\/wp\/v2\/pages"}],"about":[{"href":"https:\/\/old.funproeibandes.org\/index.php?rest_route=\/wp\/v2\/types\/page"}],"author":[{"embeddable":true,"href":"https:\/\/old.funproeibandes.org\/index.php?rest_route=\/wp\/v2\/users\/1"}],"replies":[{"embeddable":true,"href":"https:\/\/old.funproeibandes.org\/index.php?rest_route=%2Fwp%2Fv2%2Fcomments&post=55"}],"version-history":[{"count":59,"href":"https:\/\/old.funproeibandes.org\/index.php?rest_route=\/wp\/v2\/pages\/55\/revisions"}],"predecessor-version":[{"id":2954,"href":"https:\/\/old.funproeibandes.org\/index.php?rest_route=\/wp\/v2\/pages\/55\/revisions\/2954"}],"up":[{"embeddable":true,"href":"https:\/\/old.funproeibandes.org\/index.php?rest_route=\/wp\/v2\/pages\/11"}],"wp:attachment":[{"href":"https:\/\/old.funproeibandes.org\/index.php?rest_route=%2Fwp%2Fv2%2Fmedia&parent=55"}],"curies":[{"name":"wp","href":"https:\/\/api.w.org\/{rel}","templated":true}]}}