{"id":50,"date":"2018-06-27T22:57:26","date_gmt":"2018-06-27T22:57:26","guid":{"rendered":"http:\/\/www.funproeibandes.org\/?page_id=50"},"modified":"2019-04-20T14:21:59","modified_gmt":"2019-04-20T18:21:59","slug":"objetivos","status":"publish","type":"page","link":"https:\/\/old.funproeibandes.org\/?page_id=50","title":{"rendered":"Objetivos"},"content":{"rendered":"<ul>\n<li>\nSer un espacio de encuentro de Organizaciones Ind\u00edgenas, las Universidades, los Estados y los Organismos Internacionales de los pa\u00edses miembros, que posibilite el di\u00e1logo intercultural y la acci\u00f3n concertada en la educaci\u00f3n en contextos multi\u00e9tnicos, pluriculturales y multiling\u00fces.<\/li>\n<li>\nConstituimos en una red de instituciones, organizaciones y especialistas, comprometidos con una educaci\u00f3n pertinente y de calidad en contextos multi\u00e9tnicos, pluriculturales y multiling\u00fces.<\/li>\n<li>\nContribuir a la interculturalizaci\u00f3n de las instituciones de educaci\u00f3n superior, en el marco del reconocimiento y aceptaci\u00f3n positiva de la multietnicidad, pluriculturalidad y multiling\u00fcismo y de la gestaci\u00f3n de ciudadan\u00edas interculturales.<\/li>\n<li>\nOfrecemos servicios especializados en consultor\u00eda en educaci\u00f3n.<\/li>\n<li>\nMejorar y contribuir a la calidad de la educaci\u00f3n en los pa\u00edses participantes, prestando atenci\u00f3n especial a las demandas y necesidades derivadas del car\u00e1cter multi\u00e9tnico, pluriling\u00fce y multicultural que nos caracteriza, a trav\u00e9s de la formaci\u00f3n a nivel de especializaci\u00f3n y postgrado, as\u00ed como de eventos de formaci\u00f3n de diversa \u00edndole.<\/li>\n<li>\nPromover modelos y estrategias de educaci\u00f3n culturalmente pertinente y socialmente relevante en los pa\u00edses de Am\u00e9rica Latina y el Caribe, a fin de contribuir al desarrollo con identidad de los pueblos ind\u00edgenas.<\/li>\n<li>\nPromover el intercambio de saberes, conocimientos, informaci\u00f3n y tecnolog\u00eda en educaci\u00f3n en contextos multi\u00e9tnicos hacia la poblaci\u00f3n ind\u00edgena y no ind\u00edgena, t\u00e9cnicos, lideres, autoridades, etc., a trav\u00e9s de la difusi\u00f3n de experiencias exitosas de educaci\u00f3n, capacitaci\u00f3n, asistencia t\u00e9cnica, investigaci\u00f3n y desarrollo a nivel nacional e internacional.<\/li>\n<li>\nPromover la formaci\u00f3n de l\u00edderes ind\u00edgenas para fortalecer su participaci\u00f3n e incorporaci\u00f3n a la comunidad pol\u00edtica.<\/li>\n<li>\nFomentar la participaci\u00f3n de los sectores privados y p\u00fablicos en las acciones y actividades que desarrolla la Fundaci\u00f3n.<\/li>\n<\/ul>\n","protected":false},"excerpt":{"rendered":"<p>Ser un espacio de encuentro de Organizaciones Ind\u00edgenas, las Universidades, los Estados y los Organismos Internacionales de los pa\u00edses miembros, que posibilite el di\u00e1logo intercultural y la acci\u00f3n concertada en la educaci\u00f3n en contextos multi\u00e9tnicos, pluriculturales y multiling\u00fces. Constituimos en una red de instituciones, organizaciones y especialistas, comprometidos con una educaci\u00f3n pertinente y de calidad &hellip; <\/p>\n<p><a class=\"more-link btn\" href=\"https:\/\/old.funproeibandes.org\/?page_id=50\">Seguir leyendo<\/a><\/p>\n","protected":false},"author":1,"featured_media":0,"parent":11,"menu_order":2,"comment_status":"closed","ping_status":"closed","template":"","meta":{"footnotes":"","_joinchat":[]},"_links":{"self":[{"href":"https:\/\/old.funproeibandes.org\/index.php?rest_route=\/wp\/v2\/pages\/50"}],"collection":[{"href":"https:\/\/old.funproeibandes.org\/index.php?rest_route=\/wp\/v2\/pages"}],"about":[{"href":"https:\/\/old.funproeibandes.org\/index.php?rest_route=\/wp\/v2\/types\/page"}],"author":[{"embeddable":true,"href":"https:\/\/old.funproeibandes.org\/index.php?rest_route=\/wp\/v2\/users\/1"}],"replies":[{"embeddable":true,"href":"https:\/\/old.funproeibandes.org\/index.php?rest_route=%2Fwp%2Fv2%2Fcomments&post=50"}],"version-history":[{"count":3,"href":"https:\/\/old.funproeibandes.org\/index.php?rest_route=\/wp\/v2\/pages\/50\/revisions"}],"predecessor-version":[{"id":1284,"href":"https:\/\/old.funproeibandes.org\/index.php?rest_route=\/wp\/v2\/pages\/50\/revisions\/1284"}],"up":[{"embeddable":true,"href":"https:\/\/old.funproeibandes.org\/index.php?rest_route=\/wp\/v2\/pages\/11"}],"wp:attachment":[{"href":"https:\/\/old.funproeibandes.org\/index.php?rest_route=%2Fwp%2Fv2%2Fmedia&parent=50"}],"curies":[{"name":"wp","href":"https:\/\/api.w.org\/{rel}","templated":true}]}}