{"id":39,"date":"2018-06-27T22:24:51","date_gmt":"2018-06-27T22:24:51","guid":{"rendered":"http:\/\/www.funproeibandes.org\/?page_id=39"},"modified":"2018-06-27T22:56:42","modified_gmt":"2018-06-27T22:56:42","slug":"antecedentes","status":"publish","type":"page","link":"https:\/\/old.funproeibandes.org\/?page_id=39","title":{"rendered":"Antecedentes"},"content":{"rendered":"<p align=\"justify\">La FUNPROEIB Andes se ha constituido sobre la base y experiencia del PROEIB Andes con la finalidad expl\u00edcita de dar continuidad a las acciones que este \u00faltimo est\u00e1 desarrollando.<\/p>\n<p align=\"justify\">La decisi\u00f3n de su conformaci\u00f3n ha sido asumida por una mayor\u00eda de los miembros del Directorio del PROEIB Andes, a saber: la Cooperaci\u00f3n T\u00e9cnica alemana (GTZ), Consejo Educativo Aimara (CEA) de Bolivia, Consejo Regional Ind\u00edgena del Cauca (CRIC) de Colombia, la Uni\u00f3n de Comunidades Aimaras (UNCA) del Per\u00fa y la Universidad Polit\u00e9cnica Salesiana\u00a0\u00a0 (UPS) del Ecuador. Se sumaron a esta iniciativa la Asociaci\u00f3n de Egresados del PROEIB Andes de Bolivia y Chile, respectivamente.<\/p>\n","protected":false},"excerpt":{"rendered":"<p>La FUNPROEIB Andes se ha constituido sobre la base y experiencia del PROEIB Andes con la finalidad expl\u00edcita de dar continuidad a las acciones que este \u00faltimo est\u00e1 desarrollando. La decisi\u00f3n de su conformaci\u00f3n ha sido asumida por una mayor\u00eda de los miembros del Directorio del PROEIB Andes, a saber: la Cooperaci\u00f3n T\u00e9cnica alemana (GTZ), &hellip; <\/p>\n<p><a class=\"more-link btn\" href=\"https:\/\/old.funproeibandes.org\/?page_id=39\">Seguir leyendo<\/a><\/p>\n","protected":false},"author":1,"featured_media":0,"parent":11,"menu_order":1,"comment_status":"closed","ping_status":"closed","template":"","meta":{"footnotes":"","_joinchat":[]},"_links":{"self":[{"href":"https:\/\/old.funproeibandes.org\/index.php?rest_route=\/wp\/v2\/pages\/39"}],"collection":[{"href":"https:\/\/old.funproeibandes.org\/index.php?rest_route=\/wp\/v2\/pages"}],"about":[{"href":"https:\/\/old.funproeibandes.org\/index.php?rest_route=\/wp\/v2\/types\/page"}],"author":[{"embeddable":true,"href":"https:\/\/old.funproeibandes.org\/index.php?rest_route=\/wp\/v2\/users\/1"}],"replies":[{"embeddable":true,"href":"https:\/\/old.funproeibandes.org\/index.php?rest_route=%2Fwp%2Fv2%2Fcomments&post=39"}],"version-history":[{"count":2,"href":"https:\/\/old.funproeibandes.org\/index.php?rest_route=\/wp\/v2\/pages\/39\/revisions"}],"predecessor-version":[{"id":49,"href":"https:\/\/old.funproeibandes.org\/index.php?rest_route=\/wp\/v2\/pages\/39\/revisions\/49"}],"up":[{"embeddable":true,"href":"https:\/\/old.funproeibandes.org\/index.php?rest_route=\/wp\/v2\/pages\/11"}],"wp:attachment":[{"href":"https:\/\/old.funproeibandes.org\/index.php?rest_route=%2Fwp%2Fv2%2Fmedia&parent=39"}],"curies":[{"name":"wp","href":"https:\/\/api.w.org\/{rel}","templated":true}]}}