{"id":380,"date":"2019-01-23T10:07:10","date_gmt":"2019-01-23T14:07:10","guid":{"rendered":"http:\/\/www.funproeibandes.org\/?page_id=380"},"modified":"2021-10-06T22:26:08","modified_gmt":"2021-10-07T02:26:08","slug":"audios","status":"publish","type":"page","link":"https:\/\/old.funproeibandes.org\/?page_id=380","title":{"rendered":"Audios"},"content":{"rendered":"\n<h2 class=\"wp-block-heading\">El esp\u00edritu yurakar\u00e9 est\u00e1 vivo<\/h2>\n\n\n\n<h4 class=\"wp-block-heading\">\u00abRecuperemos y fortalezcamos nuestra historia, cultura y lengua yurakar\u00e9\u00bb <\/h4>\n\n\n\n<figure class=\"wp-block-audio\"><audio controls src=\"http:\/\/www.funproeibandes.org\/wp-content\/uploads\/2019\/01\/Pista-1.mp3\"><\/audio><\/figure>\n\n\n\n<figure class=\"wp-block-audio\"><audio controls src=\"http:\/\/www.funproeibandes.org\/wp-content\/uploads\/2019\/01\/Pista-2.mp3\"><\/audio><\/figure>\n\n\n\n<figure class=\"wp-block-audio\"><audio controls src=\"http:\/\/www.funproeibandes.org\/wp-content\/uploads\/2019\/01\/Pista-3.mp3\"><\/audio><\/figure>\n\n\n\n<figure class=\"wp-block-audio\"><audio controls src=\"http:\/\/www.funproeibandes.org\/wp-content\/uploads\/2019\/01\/Pista-4.mp3\"><\/audio><\/figure>\n\n\n\n<figure class=\"wp-block-audio\"><audio controls src=\"http:\/\/www.funproeibandes.org\/wp-content\/uploads\/2019\/01\/Pista-5.mp3\"><\/audio><\/figure>\n\n\n\n<figure class=\"wp-block-audio\"><audio controls src=\"http:\/\/www.funproeibandes.org\/wp-content\/uploads\/2019\/01\/Pista-6.mp3\"><\/audio><\/figure>\n\n\n\n<h2>Somos urus <\/h2>\n\n\n\n<figure class=\"wp-block-embed is-type-video is-provider-youtube wp-block-embed-youtube wp-embed-aspect-4-3 wp-has-aspect-ratio\"><div class=\"wp-block-embed__wrapper\">\n<iframe loading=\"lazy\" title=\"Somos urus - Cap\u00edtulo 1\" width=\"750\" height=\"563\" src=\"https:\/\/www.youtube.com\/embed\/W-_-IcQS8DQ?list=PLyoslMJNpUWcPsDFCUaiO82xtt_wXx9Cc\" frameborder=\"0\" allow=\"accelerometer; autoplay; clipboard-write; encrypted-media; gyroscope; picture-in-picture\" allowfullscreen><\/iframe>\n<\/div><\/figure>\n\n\n\n<h2>Los qhas qot zo\u00f1i de Irohito Urus <\/h2>\n\n\n\n<figure class=\"wp-block-embed is-type-video is-provider-youtube wp-block-embed-youtube wp-embed-aspect-4-3 wp-has-aspect-ratio\"><div class=\"wp-block-embed__wrapper\">\n<iframe loading=\"lazy\" title=\"Nuestro lago y qhoyas en Irohito Urus \u2013 Cap\u00edtulo 1\" width=\"750\" height=\"563\" src=\"https:\/\/www.youtube.com\/embed\/AJckgaI10NE?list=PLyoslMJNpUWfelvQL48NZauMaY0QQW9Lk\" frameborder=\"0\" allow=\"accelerometer; autoplay; clipboard-write; encrypted-media; gyroscope; picture-in-picture\" allowfullscreen><\/iframe>\n<\/div><\/figure>\n\n\n\n<h2>Ach ephz qama <\/h2>\n\n\n\n<figure class=\"wp-block-embed is-type-video is-provider-youtube wp-block-embed-youtube wp-embed-aspect-4-3 wp-has-aspect-ratio\"><div class=\"wp-block-embed__wrapper\">\n<iframe loading=\"lazy\" title=\"Capitulo 1: Historias de la vestimenta uru Chipaya\" width=\"750\" height=\"563\" src=\"https:\/\/www.youtube.com\/embed\/rDEBFLDc4-o?list=PLyoslMJNpUWcgR406GXokPLYvy46BUUEk\" frameborder=\"0\" allow=\"accelerometer; autoplay; clipboard-write; encrypted-media; gyroscope; picture-in-picture\" allowfullscreen><\/iframe>\n<\/div><\/figure>\n\n\n\n<h2>Voces urus en la radio <\/h2>\n\n\n\n<figure class=\"wp-block-embed is-type-video is-provider-youtube wp-block-embed-youtube wp-embed-aspect-16-9 wp-has-aspect-ratio\"><div class=\"wp-block-embed__wrapper\">\n<iframe loading=\"lazy\" title=\"Episodio 1:   Los hombres urus de las aguas\" width=\"750\" height=\"422\" src=\"https:\/\/www.youtube.com\/embed\/J3ZZVY-NEww?list=PLyoslMJNpUWcLjGyMf6i6n-rz9AusBSot\" frameborder=\"0\" allow=\"accelerometer; autoplay; clipboard-write; encrypted-media; gyroscope; picture-in-picture\" allowfullscreen><\/iframe>\n<\/div><\/figure>\n\n\n\n<p><\/p>\n","protected":false},"excerpt":{"rendered":"<p>El esp\u00edritu yurakar\u00e9 est\u00e1 vivo \u00abRecuperemos y fortalezcamos nuestra historia, cultura y lengua yurakar\u00e9\u00bb Somos urus Los qhas qot zo\u00f1i de Irohito Urus Ach ephz qama Voces urus en la radio<\/p>\n","protected":false},"author":1,"featured_media":0,"parent":0,"menu_order":0,"comment_status":"closed","ping_status":"closed","template":"template-onecolumn.php","meta":{"footnotes":"","_joinchat":[]},"_links":{"self":[{"href":"https:\/\/old.funproeibandes.org\/index.php?rest_route=\/wp\/v2\/pages\/380"}],"collection":[{"href":"https:\/\/old.funproeibandes.org\/index.php?rest_route=\/wp\/v2\/pages"}],"about":[{"href":"https:\/\/old.funproeibandes.org\/index.php?rest_route=\/wp\/v2\/types\/page"}],"author":[{"embeddable":true,"href":"https:\/\/old.funproeibandes.org\/index.php?rest_route=\/wp\/v2\/users\/1"}],"replies":[{"embeddable":true,"href":"https:\/\/old.funproeibandes.org\/index.php?rest_route=%2Fwp%2Fv2%2Fcomments&post=380"}],"version-history":[{"count":4,"href":"https:\/\/old.funproeibandes.org\/index.php?rest_route=\/wp\/v2\/pages\/380\/revisions"}],"predecessor-version":[{"id":1657,"href":"https:\/\/old.funproeibandes.org\/index.php?rest_route=\/wp\/v2\/pages\/380\/revisions\/1657"}],"wp:attachment":[{"href":"https:\/\/old.funproeibandes.org\/index.php?rest_route=%2Fwp%2Fv2%2Fmedia&parent=380"}],"curies":[{"name":"wp","href":"https:\/\/api.w.org\/{rel}","templated":true}]}}