{"id":278,"date":"2018-12-26T12:53:40","date_gmt":"2018-12-26T16:53:40","guid":{"rendered":"http:\/\/www.funproeibandes.org\/?page_id=278"},"modified":"2024-07-10T15:09:51","modified_gmt":"2024-07-10T19:09:51","slug":"libros-cartillas","status":"publish","type":"page","link":"https:\/\/old.funproeibandes.org\/?page_id=278","title":{"rendered":"Libros"},"content":{"rendered":"\n<!-- Generado usando Document Gallery. Obtenga el suyo aqu\u00ed:http:\/\/wordpress.org\/extend\/plugins\/document-gallery -->\n<div id=\"document-gallery-1\" class=\"document-gallery dg-paginate-wrapper\" data-shortcode='{\"id\":278,\"include\":\"2963,2418,2359,2349,2194,1907,1905,1897,1896,1895,1865,1861,1858,1360,1639,974,973,1841,1322,970,969,961,960,1103,721,491,489,488,480,479,477,368,366,363,353,352,351,350,348,347,344,343,342,333,332,331,330,329,328,327,320,319,316,305,301,300,299,298,297,296,287,288,283,282,284,2797\",\"exclude\":\"\",\"columns\":5,\"fancy\":true,\"order\":\"ASC\",\"orderby\":\"post__in\",\"relation\":\"AND\",\"limit\":10,\"mime_types\":\"application,video,text,audio,image\",\"new_window\":true,\"paginate\":true,\"post_status\":\"any\",\"post_type\":\"attachment\",\"attachment_pg\":false,\"descriptions\":false,\"skip\":0}' data-icon-width='19'>\n<div class='document-icon-row'>\n   <div class=\"document-icon\">\n      <a href=\"https:\/\/old.funproeibandes.org\/wp-content\/uploads\/2024\/07\/libro-colombia.pdf\" target=\"_blank\">\n         <img decoding=\"async\" src=\"http:\/\/old.funproeibandes.org\/wp-content\/uploads\/2024\/07\/libro-colombia-thumb.jpeg\" title=\"Interculturalidad en la vida cotidiana de la universidad del Cauca Popay\u00e1n, Colombia\" alt=\"Interculturalidad en la vida cotidiana de la universidad del Cauca Popay\u00e1n, Colombia\" data-ext=\"pdf\"\/>\n         <span class=\"title\">Interculturalidad en la vida cotidiana de la universidad del Cauca Popay\u00e1n, Colombia<\/span>\n      <\/a>\n   <\/div>\n   <div class=\"document-icon\">\n      <a href=\"https:\/\/old.funproeibandes.org\/wp-content\/uploads\/2023\/03\/NUEVOS-ESCENARIOS-EDUCATIVO-Y-NUEVOS-DESAFIOS.pdf\" target=\"_blank\">\n         <img decoding=\"async\" src=\"http:\/\/old.funproeibandes.org\/wp-content\/uploads\/2023\/03\/NUEVOS-ESCENARIOS-EDUCATIVO-Y-NUEVOS-DESAFIOS-thumb.jpeg\" title=\"Nuevos escenarios educativos y nuevos desaf\u00edos\" alt=\"Nuevos escenarios educativos y nuevos desaf\u00edos\" data-ext=\"pdf\"\/>\n         <span class=\"title\">Nuevos escenarios educativos y nuevos desaf\u00edos<\/span>\n      <\/a>\n   <\/div>\n   <div class=\"document-icon\">\n      <a href=\"https:\/\/old.funproeibandes.org\/wp-content\/uploads\/2023\/02\/Historias-de-vida-URUS.pdf\" target=\"_blank\">\n         <img decoding=\"async\" src=\"http:\/\/old.funproeibandes.org\/wp-content\/uploads\/2023\/02\/Historias-de-vida-URUS-thumb.jpeg\" title=\"Historias de vida de sabios y sabias urus\" alt=\"Historias de vida de sabios y sabias urus\" data-ext=\"pdf\"\/>\n         <span class=\"title\">Historias de vida de sabios y sabias urus<\/span>\n      <\/a>\n   <\/div>\n   <div class=\"document-icon\">\n      <a href=\"https:\/\/old.funproeibandes.org\/wp-content\/uploads\/2023\/01\/Reciliencia-indigena-2022.pdf\" target=\"_blank\">\n         <img decoding=\"async\" src=\"http:\/\/old.funproeibandes.org\/wp-content\/uploads\/2023\/01\/Reciliencia-indigena-2022-thumb.jpeg\" title=\"Resiliencias Ind\u00edgenas frente a la Covid 19\" alt=\"Resiliencias Ind\u00edgenas frente a la Covid 19\" data-ext=\"pdf\"\/>\n         <span class=\"title\">Resiliencias Ind\u00edgenas frente a la Covid 19<\/span>\n      <\/a>\n   <\/div>\n   <div class=\"document-icon\">\n      <a href=\"https:\/\/old.funproeibandes.org\/wp-content\/uploads\/2022\/09\/libro-Aprendiendo-de-nuestras-experiencias-1.pdf\" target=\"_blank\">\n         <img decoding=\"async\" src=\"http:\/\/old.funproeibandes.org\/wp-content\/uploads\/2022\/09\/libro-Aprendiendo-de-nuestras-experiencias-1-thumb.jpeg\" title=\"Aprendiendo de nuestras Experiencias\" alt=\"Aprendiendo de nuestras Experiencias\" data-ext=\"pdf\"\/>\n         <span class=\"title\">Aprendiendo de nuestras Experiencias<\/span>\n      <\/a>\n   <\/div>\n\n<\/div>\n<div class='document-icon-row'>\n   <div class=\"document-icon\">\n      <a href=\"https:\/\/old.funproeibandes.org\/wp-content\/uploads\/2022\/04\/Reflexiones-desde-la-accion-Revitalizando-ando.pdf\" target=\"_blank\">\n         <img decoding=\"async\" src=\"http:\/\/old.funproeibandes.org\/wp-content\/uploads\/2022\/04\/Reflexiones-desde-la-accion-Revitalizando-ando-thumb.jpeg\" title=\"Reflexiones desde la acci\u00f3n\" alt=\"Reflexiones desde la acci\u00f3n\" data-ext=\"pdf\"\/>\n         <span class=\"title\">Reflexiones desde la acci\u00f3n<\/span>\n      <\/a>\n   <\/div>\n   <div class=\"document-icon\">\n      <a href=\"https:\/\/old.funproeibandes.org\/wp-content\/uploads\/2022\/04\/Texto-Uros-de-Puno-final.pdf\" target=\"_blank\">\n         <img decoding=\"async\" src=\"http:\/\/old.funproeibandes.org\/wp-content\/uploads\/2022\/04\/Texto-Uros-de-Puno-final-thumb.jpeg\" title=\"Qot-Qhas-So\u00f1inaka: Uros del lago Titicaca\" alt=\"Qot-Qhas-So\u00f1inaka: Uros del lago Titicaca\" data-ext=\"pdf\"\/>\n         <span class=\"title\">Qot-Qhas-So\u00f1inaka: Uros del lago Titicaca<\/span>\n      <\/a>\n   <\/div>\n   <div class=\"document-icon\">\n      <a href=\"https:\/\/old.funproeibandes.org\/wp-content\/uploads\/2022\/04\/Abriendo-surcos-desde-abajo_Guia-de-revitalizacion-cultural-y-linguistica_FUNPROEIB.pdf\" target=\"_blank\">\n         <img decoding=\"async\" src=\"http:\/\/old.funproeibandes.org\/wp-content\/uploads\/2022\/04\/Abriendo-surcos-desde-abajo_Guia-de-revitalizacion-cultural-y-linguistica_FUNPROEIB-thumb.jpeg\" title=\"Abriendo surcos desde abajo: Gu\u00eda de revitalizaci\u00f3n Cultural y Ling\u00fc\u00edstica\" alt=\"Abriendo surcos desde abajo: Gu\u00eda de revitalizaci\u00f3n Cultural y Ling\u00fc\u00edstica\" data-ext=\"pdf\"\/>\n         <span class=\"title\">Abriendo surcos desde abajo: Gu\u00eda de revitalizaci\u00f3n Cultural y Ling\u00fc\u00edstica<\/span>\n      <\/a>\n   <\/div>\n   <div class=\"document-icon\">\n      <a href=\"https:\/\/old.funproeibandes.org\/wp-content\/uploads\/2022\/04\/Experiencias-RLC-Latinoamerica.pdf\" target=\"_blank\">\n         <img decoding=\"async\" src=\"http:\/\/old.funproeibandes.org\/wp-content\/uploads\/2022\/04\/Experiencias-RLC-Latinoamerica-thumb.jpeg\" title=\"Experiencias en revitalizaci\u00f3n y fortalecimiento de Lenguas Ind\u00edgenas en Latinoam\u00e9rica\" alt=\"Experiencias en revitalizaci\u00f3n y fortalecimiento de Lenguas Ind\u00edgenas en Latinoam\u00e9rica\" data-ext=\"pdf\"\/>\n         <span class=\"title\">Experiencias en revitalizaci\u00f3n y fortalecimiento de Lenguas Ind\u00edgenas en Latinoam\u00e9rica<\/span>\n      <\/a>\n   <\/div>\n   <div class=\"document-icon\">\n      <a href=\"https:\/\/old.funproeibandes.org\/wp-content\/uploads\/2022\/04\/Memoria-fotografica-Uru-final.pdf\" target=\"_blank\">\n         <img decoding=\"async\" src=\"http:\/\/old.funproeibandes.org\/wp-content\/uploads\/2022\/04\/Memoria-fotografica-Uru-final-thumb.jpeg\" title=\"Memoria fotogr\u00e1fica Uru: Actividades 2016 &#8211; 2021\" alt=\"Memoria fotogr\u00e1fica Uru: Actividades 2016 &#8211; 2021\" data-ext=\"pdf\"\/>\n         <span class=\"title\">Memoria fotogr\u00e1fica Uru: Actividades 2016 &#8211; 2021<\/span>\n      <\/a>\n   <\/div>\n\n<\/div>\n<div class=\"paginate\"><span aria-current=\"page\" class=\"page-numbers current\">1<\/span>\n<a class=\"page-numbers\" href=\"?rest_route=%2Fwp%2Fv2%2Fpages%2F278#dg_page=2\">2<\/a>\n<a class=\"page-numbers\" href=\"?rest_route=%2Fwp%2Fv2%2Fpages%2F278#dg_page=3\">3<\/a>\n<span class=\"page-numbers dots\">&hellip;<\/span>\n<a class=\"page-numbers\" href=\"?rest_route=%2Fwp%2Fv2%2Fpages%2F278#dg_page=7\">7<\/a>\n<a class=\"next page-numbers\" href=\"?rest_route=%2Fwp%2Fv2%2Fpages%2F278#dg_page=2\">&raquo;<\/a><\/div><\/div>\n\n\n<p><\/p>\n","protected":false},"excerpt":{"rendered":"","protected":false},"author":1,"featured_media":0,"parent":0,"menu_order":0,"comment_status":"closed","ping_status":"closed","template":"template-onecolumn.php","meta":{"footnotes":"","_joinchat":[]},"_links":{"self":[{"href":"https:\/\/old.funproeibandes.org\/index.php?rest_route=\/wp\/v2\/pages\/278"}],"collection":[{"href":"https:\/\/old.funproeibandes.org\/index.php?rest_route=\/wp\/v2\/pages"}],"about":[{"href":"https:\/\/old.funproeibandes.org\/index.php?rest_route=\/wp\/v2\/types\/page"}],"author":[{"embeddable":true,"href":"https:\/\/old.funproeibandes.org\/index.php?rest_route=\/wp\/v2\/users\/1"}],"replies":[{"embeddable":true,"href":"https:\/\/old.funproeibandes.org\/index.php?rest_route=%2Fwp%2Fv2%2Fcomments&post=278"}],"version-history":[{"count":68,"href":"https:\/\/old.funproeibandes.org\/index.php?rest_route=\/wp\/v2\/pages\/278\/revisions"}],"predecessor-version":[{"id":2964,"href":"https:\/\/old.funproeibandes.org\/index.php?rest_route=\/wp\/v2\/pages\/278\/revisions\/2964"}],"wp:attachment":[{"href":"https:\/\/old.funproeibandes.org\/index.php?rest_route=%2Fwp%2Fv2%2Fmedia&parent=278"}],"curies":[{"name":"wp","href":"https:\/\/api.w.org\/{rel}","templated":true}]}}