{"id":2570,"date":"2023-04-25T14:31:42","date_gmt":"2023-04-25T18:31:42","guid":{"rendered":"https:\/\/www.funproeibandes.org\/?page_id=2570"},"modified":"2023-04-26T11:34:40","modified_gmt":"2023-04-26T15:34:40","slug":"investigaciones-en-educacion-superior-intercultural","status":"publish","type":"page","link":"https:\/\/old.funproeibandes.org\/?page_id=2570","title":{"rendered":"Investigaciones en educaci\u00f3n superior intercultural"},"content":{"rendered":"\n<p class=\"has-large-font-size\"><strong>ANTECEDENTES<\/strong><\/p>\n\n\n\n<p>El subproyecto surge de la necesidad de comprender los procesos sociales, culturales y educativos de la regi\u00f3n, considerando como eje central el estado de la interculturalidad, particularmente en los centros de educaci\u00f3n superior. Considerando que los conflictos sociopol\u00edticos acaecidos en el 2019 en la regi\u00f3n y los efectos de las pol\u00edticas sanitarias a causa de la Covid 19 desde el 2020 condujeron a transformaciones en las interacciones sociales, dando lugar a la emergencia de discursos y pr\u00e1cticas discriminatorias. Comprender las nuevas configuraciones de la interculturalidad post 2020 se constituye en un desaf\u00edo para el conocimiento y la acci\u00f3n social.<\/p>\n\n\n\n<p class=\"has-large-font-size\"><strong>ACTIVIDADES<\/strong> <strong>2023<\/strong><\/p>\n\n\n<div class=\"wp-block-image\">\n<figure class=\"alignleft size-full is-resized\"><img loading=\"lazy\" decoding=\"async\" src=\"https:\/\/www.funproeibandes.org\/wp-content\/uploads\/2023\/04\/libro.jpg\" alt=\"\" class=\"wp-image-2572\" width=\"236\" height=\"340\" srcset=\"https:\/\/old.funproeibandes.org\/wp-content\/uploads\/2023\/04\/libro.jpg 516w, https:\/\/old.funproeibandes.org\/wp-content\/uploads\/2023\/04\/libro-208x300.jpg 208w\" sizes=\"(max-width: 236px) 100vw, 236px\" \/><figcaption>Portada de una investigaci\u00f3n entre la Funproeib Andes y la Universidad del Cauca en 2022<\/figcaption><\/figure><\/div>\n\n\n<p><strong>1.- Investigaciones en equipos de trabajo de dos pa\u00edses (Universidad Polit\u00e9cnica Salesiana (Ecuador) y equipo institucional Funproeib Andes (Bolivia)<\/strong><\/p>\n\n\n\n<p>Los estudios se realizan entre la Universidad Polit\u00e9cnica Salesiana (Ecuador) y el equipo de investigadores de la Funproeib Andes de Bolivia. Se trata de entender c\u00f3mo se produce la interculturalidad en espacios universitarios, as\u00ed como en la interacci\u00f3n entre m\u00faltiples sujetos: guardias de seguridad, personal administrativo, docentes, estudiantes, etc. En otros t\u00e9rminos, se trata de dar cuenta del grado de interculturalidad que se desarrolla en las universidades en las interacciones sociales no formales.<\/p>\n\n\n\n<div style=\"height:33px\" aria-hidden=\"true\" class=\"wp-block-spacer\"><\/div>\n\n\n\n<p><\/p>\n\n\n<div class=\"wp-block-image\">\n<figure class=\"alignright size-full is-resized\"><img loading=\"lazy\" decoding=\"async\" src=\"https:\/\/www.funproeibandes.org\/wp-content\/uploads\/2023\/04\/ateneo.jpg\" alt=\"\" class=\"wp-image-2574\" width=\"145\" height=\"197\" srcset=\"https:\/\/old.funproeibandes.org\/wp-content\/uploads\/2023\/04\/ateneo.jpg 611w, https:\/\/old.funproeibandes.org\/wp-content\/uploads\/2023\/04\/ateneo-221x300.jpg 221w\" sizes=\"(max-width: 145px) 100vw, 145px\" \/><figcaption>Portada del libro Ateneo<\/figcaption><\/figure><\/div>\n\n\n<p><strong>2.- Apoyo y coordinaci\u00f3n de investigaciones para publicar con la UMSS<\/strong><\/p>\n\n\n\n<p>Las convocatorias son coordinadas con el Instituto de Investigaciones y el Posgrado de la Facultad de Humanidades y Ciencias de la Educaci\u00f3n para la publicaci\u00f3n de investigaciones en el campo social. <\/p>\n\n\n\n<p><strong>3.- Apoyo a la investigaci\u00f3n con Sociedades Cient\u00edficas de la FHCE<\/strong><\/p>\n\n\n\n<p>Estas se enfocan principalmente en el fortalecimiento de las capacidades de investigaci\u00f3n y redacci\u00f3n de documentos acad\u00e9micos, que se realizan en colaboraci\u00f3n y coordinaci\u00f3n con la Facultad de Humanidades y Ciencias de la Educaci\u00f3n y la Facultad de Ciencias Sociales de la UMSS.<\/p>\n\n\n<div class=\"wp-block-image\">\n<figure class=\"alignleft size-large is-resized\"><img loading=\"lazy\" decoding=\"async\" src=\"https:\/\/www.funproeibandes.org\/wp-content\/uploads\/2023\/04\/afiche-modificado-jpg-1024x724.jpg\" alt=\"\" class=\"wp-image-2573\" width=\"295\" height=\"208\" srcset=\"https:\/\/old.funproeibandes.org\/wp-content\/uploads\/2023\/04\/afiche-modificado-jpg-1024x724.jpg 1024w, https:\/\/old.funproeibandes.org\/wp-content\/uploads\/2023\/04\/afiche-modificado-jpg-300x212.jpg 300w, https:\/\/old.funproeibandes.org\/wp-content\/uploads\/2023\/04\/afiche-modificado-jpg-768x543.jpg 768w, https:\/\/old.funproeibandes.org\/wp-content\/uploads\/2023\/04\/afiche-modificado-jpg-1536x1086.jpg 1536w, https:\/\/old.funproeibandes.org\/wp-content\/uploads\/2023\/04\/afiche-modificado-jpg-750x530.jpg 750w, https:\/\/old.funproeibandes.org\/wp-content\/uploads\/2023\/04\/afiche-modificado-jpg.jpg 2000w\" sizes=\"(max-width: 295px) 100vw, 295px\" \/><figcaption>Afiche del diplomado en su 2\u00aa versi\u00f3n<\/figcaption><\/figure><\/div>\n\n\n<p><strong>4.- Diplomado virtual Intercultural y metodolog\u00edas interculturales de investigaci\u00f3n en su 2\u00aa versi\u00f3n<\/strong><\/p>\n\n\n\n<p>Esta conjunci\u00f3n busca la producci\u00f3n de conocimiento colectivo, altamente creativo, que d\u00e9 cuenta de procesos de reflexi\u00f3n de tipo introspectivo para la comprensi\u00f3n de los mecanismos de funcionamiento de la discriminaci\u00f3n, marginalizaci\u00f3n y racializaci\u00f3n en el contexto pr\u00f3ximo de los participantes.<\/p>\n\n\n\n<p><\/p>\n\n\n\n<p><\/p>\n\n\n\n<div style=\"height:19px\" aria-hidden=\"true\" class=\"wp-block-spacer\"><\/div>\n\n\n\n<p><strong>5.- Curso corto<\/strong><\/p>\n\n\n\n<p>El curso corto \u201cInvestigaci\u00f3n intercultural, identidades y corporalidades\u201d tiene el prop\u00f3sito de brindar a los participantes herramientas metodol\u00f3gicas que permitan desarrollar competencias de reconocimiento de la interculturalidad a partir del estudio de las corporalidades y las identidades en la pr\u00e1ctica cotidiana de cada uno de ellos y su entorno, a partir de diversos recursos anal\u00edticos.<\/p>\n\n\n\n<figure class=\"wp-block-gallery has-nested-images columns-default is-cropped wp-block-gallery-1 is-layout-flex wp-block-gallery-is-layout-flex\">\n<figure class=\"wp-block-image size-large\"><img loading=\"lazy\" decoding=\"async\" width=\"1024\" height=\"683\" data-id=\"2593\" src=\"https:\/\/www.funproeibandes.org\/wp-content\/uploads\/2023\/04\/IMG_7388-1-1024x683.jpg\" alt=\"\" class=\"wp-image-2593\" srcset=\"https:\/\/old.funproeibandes.org\/wp-content\/uploads\/2023\/04\/IMG_7388-1-1024x683.jpg 1024w, https:\/\/old.funproeibandes.org\/wp-content\/uploads\/2023\/04\/IMG_7388-1-300x200.jpg 300w, https:\/\/old.funproeibandes.org\/wp-content\/uploads\/2023\/04\/IMG_7388-1-768x512.jpg 768w, https:\/\/old.funproeibandes.org\/wp-content\/uploads\/2023\/04\/IMG_7388-1-1536x1024.jpg 1536w, https:\/\/old.funproeibandes.org\/wp-content\/uploads\/2023\/04\/IMG_7388-1-2048x1365.jpg 2048w, https:\/\/old.funproeibandes.org\/wp-content\/uploads\/2023\/04\/IMG_7388-1-750x500.jpg 750w\" sizes=\"(max-width: 1024px) 100vw, 1024px\" \/><figcaption>Conclusiones del curso corto realizado en 2022<\/figcaption><\/figure>\n\n\n\n<figure class=\"wp-block-image size-large\"><img loading=\"lazy\" decoding=\"async\" width=\"1024\" height=\"683\" data-id=\"2594\" src=\"https:\/\/www.funproeibandes.org\/wp-content\/uploads\/2023\/04\/IMG_7383-1-1024x683.jpg\" alt=\"\" class=\"wp-image-2594\" srcset=\"https:\/\/old.funproeibandes.org\/wp-content\/uploads\/2023\/04\/IMG_7383-1-1024x683.jpg 1024w, https:\/\/old.funproeibandes.org\/wp-content\/uploads\/2023\/04\/IMG_7383-1-300x200.jpg 300w, https:\/\/old.funproeibandes.org\/wp-content\/uploads\/2023\/04\/IMG_7383-1-768x512.jpg 768w, https:\/\/old.funproeibandes.org\/wp-content\/uploads\/2023\/04\/IMG_7383-1-1536x1024.jpg 1536w, https:\/\/old.funproeibandes.org\/wp-content\/uploads\/2023\/04\/IMG_7383-1-2048x1365.jpg 2048w, https:\/\/old.funproeibandes.org\/wp-content\/uploads\/2023\/04\/IMG_7383-1-750x500.jpg 750w\" sizes=\"(max-width: 1024px) 100vw, 1024px\" \/><figcaption>Conclusiones del curso corto realizado en 2022<\/figcaption><\/figure>\n<\/figure>\n\n\n\n<p><\/p>\n\n\n\n<p><strong>5.- Seminario internacional<\/strong><\/p>\n\n\n\n<p><\/p>\n","protected":false},"excerpt":{"rendered":"<p>ANTECEDENTES El subproyecto surge de la necesidad de comprender los procesos sociales, culturales y educativos de la regi\u00f3n, considerando como eje central el estado de la interculturalidad, particularmente en los centros de educaci\u00f3n superior. Considerando que los conflictos sociopol\u00edticos acaecidos en el 2019 en la regi\u00f3n y los efectos de las pol\u00edticas sanitarias a causa &hellip; <\/p>\n<p><a class=\"more-link btn\" href=\"https:\/\/old.funproeibandes.org\/?page_id=2570\">Seguir leyendo<\/a><\/p>\n","protected":false},"author":3,"featured_media":0,"parent":0,"menu_order":0,"comment_status":"closed","ping_status":"closed","template":"","meta":{"footnotes":"","_joinchat":[]},"_links":{"self":[{"href":"https:\/\/old.funproeibandes.org\/index.php?rest_route=\/wp\/v2\/pages\/2570"}],"collection":[{"href":"https:\/\/old.funproeibandes.org\/index.php?rest_route=\/wp\/v2\/pages"}],"about":[{"href":"https:\/\/old.funproeibandes.org\/index.php?rest_route=\/wp\/v2\/types\/page"}],"author":[{"embeddable":true,"href":"https:\/\/old.funproeibandes.org\/index.php?rest_route=\/wp\/v2\/users\/3"}],"replies":[{"embeddable":true,"href":"https:\/\/old.funproeibandes.org\/index.php?rest_route=%2Fwp%2Fv2%2Fcomments&post=2570"}],"version-history":[{"count":9,"href":"https:\/\/old.funproeibandes.org\/index.php?rest_route=\/wp\/v2\/pages\/2570\/revisions"}],"predecessor-version":[{"id":2600,"href":"https:\/\/old.funproeibandes.org\/index.php?rest_route=\/wp\/v2\/pages\/2570\/revisions\/2600"}],"wp:attachment":[{"href":"https:\/\/old.funproeibandes.org\/index.php?rest_route=%2Fwp%2Fv2%2Fmedia&parent=2570"}],"curies":[{"name":"wp","href":"https:\/\/api.w.org\/{rel}","templated":true}]}}