{"id":2542,"date":"2023-04-25T10:06:44","date_gmt":"2023-04-25T14:06:44","guid":{"rendered":"https:\/\/www.funproeibandes.org\/?page_id=2542"},"modified":"2023-04-26T13:29:43","modified_gmt":"2023-04-26T17:29:43","slug":"educacion-superior-en-la-nacion-originaria-uru","status":"publish","type":"page","link":"https:\/\/old.funproeibandes.org\/?page_id=2542","title":{"rendered":"Educaci\u00f3n Superior en la Naci\u00f3n Originaria Uru"},"content":{"rendered":"\n<p class=\"has-large-font-size\"><strong>ANTECEDENTES<\/strong><\/p>\n\n\n\n<p>La Funproeib Andes en coordinaci\u00f3n con las organizaciones urus: Consejo Educativo de la Naci\u00f3n Uru (CENU), Instituto de Lengua y Cultura Uru (ILCU), autoridades originarias y educativas, en el marco del subproyecto \u201cInvestigaci\u00f3n Acci\u00f3n con la Naci\u00f3n Uru\u201d &nbsp;(2018-2021), han desarrollado diversas acciones de fortalecimiento educativo, cultural y ling\u00fc\u00edstico como investigaciones sobre saberes y conocimientos, monograf\u00edas comunales y actividades en revitalizaci\u00f3n cultural y ling\u00fc\u00edstica, que se han traducido en materiales como: textos, cartillas, audiovisuales, animaciones, cu\u00f1as radiales y otros.<\/p>\n\n\n\n<p>Desde la gesti\u00f3n 2022 la Funproeib Andes, en estrecha coordinaci\u00f3n con las organizaciones y autoridades originarias urus, ejecuta el proyecto \u201cEducaci\u00f3n Superior en la Naci\u00f3n Uru\u201d, enfocando su mirada en la transici\u00f3n de j\u00f3venes urus de la Educaci\u00f3n Secundaria a la Educaci\u00f3n Superior, debido a las problem\u00e1ticas de acceso, continuidad y profesionalizaci\u00f3n.<\/p>\n\n\n\n<p class=\"has-large-font-size\"><strong>ACTIVIDADES<\/strong> <strong>2023<\/strong><\/p>\n\n\n\n<p><strong>1.- Apoyo de becas para j\u00f3venes urus en Educaci\u00f3n Superior<\/strong><\/p>\n\n\n<div class=\"wp-block-image\">\n<figure class=\"alignright size-full is-resized\"><img loading=\"lazy\" decoding=\"async\" src=\"https:\/\/www.funproeibandes.org\/wp-content\/uploads\/2023\/04\/Sin-titulo.jpg\" alt=\"\" class=\"wp-image-2543\" width=\"757\" height=\"255\" srcset=\"https:\/\/old.funproeibandes.org\/wp-content\/uploads\/2023\/04\/Sin-titulo.jpg 1019w, https:\/\/old.funproeibandes.org\/wp-content\/uploads\/2023\/04\/Sin-titulo-300x102.jpg 300w, https:\/\/old.funproeibandes.org\/wp-content\/uploads\/2023\/04\/Sin-titulo-768x260.jpg 768w, https:\/\/old.funproeibandes.org\/wp-content\/uploads\/2023\/04\/Sin-titulo-750x254.jpg 750w\" sizes=\"(max-width: 757px) 100vw, 757px\" \/><figcaption>De pie: los 10 j\u00f3venes seleccionados para beneficiarse con la beca de apoyo. Sentados: autoridades y representantes de la Naci\u00f3n Uru.<\/figcaption><\/figure><\/div>\n\n\n<p> Los j\u00f3venes urus tienen dificultades de acceso, permanencia y conclusi\u00f3n exitosa de la educaci\u00f3n superior; esto se debe a varios  factores, entre los que se encuentran la falta de apoyo familiar, bajos recursos econ\u00f3micos, migraci\u00f3n, desigual rendimiento acad\u00e9mico en el nivel secundario. Esto motiv\u00f3 la creaci\u00f3n de un Programa de Becas de apoyo financiero y pedag\u00f3gico para j\u00f3venes de las comunidades urus de Ayparavi, Irohito, Pu\u00f1aca Tinta Mar\u00eda, Vila\u00f1eque y Llapallapani. <\/p>\n\n\n\n<p>La convocatoria y selecci\u00f3n de los becarios se realiz\u00f3 conjuntamente el Consejo Educativo de la Naci\u00f3n Uru (CENU), el Instituto de Lengua y Cultura Uru (ILCU) y autoridades originarias de las comunidades. 10 j\u00f3venes, entre varones y mujeres fueron elegidos para ser beneficiados con la beca.<\/p>\n\n\n\n<p>Adem\u00e1s del componente financiero, la beca comprende apoyo pedag\u00f3gico, a trav\u00e9s de tutor\u00edas, talleres en diferentes tem\u00e1ticas y de seguimiento. <\/p>\n\n\n\n<p><strong>2.-Proyectos educativos pr\u00e1cticos y de capacitaci\u00f3n a profesores de las unidades educativas<\/strong><\/p>\n\n\n\n<p>Este curso est\u00e1 dirigido a profesores en ejercicio de las unidades educativas urus de Llapallapani, Vila\u00f1eque, Pu\u00f1aca Tinta Mar\u00eda, Ayparavi e Irohito, considerando que ellos tienen un rol central en la formaci\u00f3n de los estudiantes; adem\u00e1s, sostienen una relaci\u00f3n estrecha con los padres de familia. <\/p>\n\n\n\n<p>Se busca motivar reflexiones sobre los problemas que confrontan los j\u00f3venes uru para acceder a la educaci\u00f3n superior, as\u00ed como proporcionar herramientas pr\u00e1cticas para la orientaci\u00f3n vocacional, como la formulaci\u00f3n por cada estudiante de un plan de vida con identidad, con el fin de que acompa\u00f1en y apoyen a sus estudiantes urus en su tr\u00e1nsito a la educaci\u00f3n superior.<\/p>\n\n\n\n<figure class=\"wp-block-image size-large\"><img loading=\"lazy\" decoding=\"async\" width=\"1024\" height=\"768\" src=\"https:\/\/www.funproeibandes.org\/wp-content\/uploads\/2023\/04\/WhatsApp-Image-2022-10-16-at-9.38.51-PM-1024x768.jpeg\" alt=\"\" class=\"wp-image-2602\" srcset=\"https:\/\/old.funproeibandes.org\/wp-content\/uploads\/2023\/04\/WhatsApp-Image-2022-10-16-at-9.38.51-PM-1024x768.jpeg 1024w, https:\/\/old.funproeibandes.org\/wp-content\/uploads\/2023\/04\/WhatsApp-Image-2022-10-16-at-9.38.51-PM-300x225.jpeg 300w, https:\/\/old.funproeibandes.org\/wp-content\/uploads\/2023\/04\/WhatsApp-Image-2022-10-16-at-9.38.51-PM-768x576.jpeg 768w, https:\/\/old.funproeibandes.org\/wp-content\/uploads\/2023\/04\/WhatsApp-Image-2022-10-16-at-9.38.51-PM-1536x1152.jpeg 1536w, https:\/\/old.funproeibandes.org\/wp-content\/uploads\/2023\/04\/WhatsApp-Image-2022-10-16-at-9.38.51-PM-750x563.jpeg 750w, https:\/\/old.funproeibandes.org\/wp-content\/uploads\/2023\/04\/WhatsApp-Image-2022-10-16-at-9.38.51-PM.jpeg 1600w\" sizes=\"(max-width: 1024px) 100vw, 1024px\" \/><figcaption>J\u00f3venes y profesores que forman parte del proyecto uru de la Funproeib Andes<\/figcaption><\/figure>\n\n\n\n<p>3.- <strong>Elaboraciones de historias de vida<\/strong> <\/p>\n\n\n<div class=\"wp-block-image\">\n<figure class=\"alignleft size-full is-resized\"><img loading=\"lazy\" decoding=\"async\" src=\"https:\/\/www.funproeibandes.org\/wp-content\/uploads\/2023\/04\/historias-de-vida-urus.jpg\" alt=\"\" class=\"wp-image-2544\" width=\"299\" height=\"298\" srcset=\"https:\/\/old.funproeibandes.org\/wp-content\/uploads\/2023\/04\/historias-de-vida-urus.jpg 834w, https:\/\/old.funproeibandes.org\/wp-content\/uploads\/2023\/04\/historias-de-vida-urus-300x300.jpg 300w, https:\/\/old.funproeibandes.org\/wp-content\/uploads\/2023\/04\/historias-de-vida-urus-150x150.jpg 150w, https:\/\/old.funproeibandes.org\/wp-content\/uploads\/2023\/04\/historias-de-vida-urus-768x767.jpg 768w, https:\/\/old.funproeibandes.org\/wp-content\/uploads\/2023\/04\/historias-de-vida-urus-750x749.jpg 750w\" sizes=\"(max-width: 299px) 100vw, 299px\" \/><figcaption>Portada de las Historias de vida de sabios y sabias uru de 2022<\/figcaption><\/figure><\/div>\n\n\n<p><\/p>\n\n\n\n<p>Por segundo a\u00f1o se elaborar\u00e1 la recopilaci\u00f3n de las historias de vida de los sabios y sabias de las comunidades urus; donde los mismos protagonistas, en su idioma, cuentan sus experiencias y trayectoria. <\/p>\n\n\n\n<p>Para esta gesti\u00f3n se tendr\u00e1 la informaci\u00f3n de manera audiovisual y animada.<\/p>\n\n\n\n<p>Este material es una fuente de inspiraci\u00f3n para las nuevas generaciones de j\u00f3venes urus, as\u00ed como un testimonio vivo de la vida, econom\u00eda, organizaci\u00f3n pol\u00edtica y social de d\u00e9cadas pasadas en las comunidades urus.<\/p>\n\n\n\n<p><\/p>\n\n\n\n<p><\/p>\n\n\n\n<p><\/p>\n\n\n\n<p><\/p>\n\n\n\n<p><\/p>\n\n\n\n<p><\/p>\n\n\n\n<p><strong>4.- Talleres de plan de vida y orientaci\u00f3n vocacional a j\u00f3venes urus<\/strong>  <\/p>\n\n\n<div class=\"wp-block-image\">\n<figure class=\"alignright size-large is-resized\"><img loading=\"lazy\" decoding=\"async\" src=\"https:\/\/www.funproeibandes.org\/wp-content\/uploads\/2023\/04\/DJI_20230415_101513_98-1024x768.jpg\" alt=\"\" class=\"wp-image-2545\" width=\"383\" height=\"287\" srcset=\"https:\/\/old.funproeibandes.org\/wp-content\/uploads\/2023\/04\/DJI_20230415_101513_98-1024x768.jpg 1024w, https:\/\/old.funproeibandes.org\/wp-content\/uploads\/2023\/04\/DJI_20230415_101513_98-300x225.jpg 300w, https:\/\/old.funproeibandes.org\/wp-content\/uploads\/2023\/04\/DJI_20230415_101513_98-768x576.jpg 768w, https:\/\/old.funproeibandes.org\/wp-content\/uploads\/2023\/04\/DJI_20230415_101513_98-750x563.jpg 750w, https:\/\/old.funproeibandes.org\/wp-content\/uploads\/2023\/04\/DJI_20230415_101513_98.jpg 1440w\" sizes=\"(max-width: 383px) 100vw, 383px\" \/><figcaption>J\u00f3venes urus participan de un taller<\/figcaption><\/figure><\/div>\n\n\n<p><\/p>\n\n\n\n<p><\/p>\n\n\n\n<p>Este programa se enfoca en los j\u00f3venes de secundaria y padres y madres de familia. La orientaci\u00f3n vocacional y plan de vida y retorno comunitario, apoya a la proyecci\u00f3n de un futuro, desde una mirada de autorreconocimiento y fortalecimiento de las ra\u00edces. &nbsp;Se trabaja en cada comunidad uru y las actividades concluyen con un Encuentro de j\u00f3venes de cada poblaci\u00f3n.<\/p>\n\n\n\n<p><\/p>\n\n\n\n<p><\/p>\n\n\n\n<p><\/p>\n\n\n\n<p><\/p>\n","protected":false},"excerpt":{"rendered":"<p>ANTECEDENTES La Funproeib Andes en coordinaci\u00f3n con las organizaciones urus: Consejo Educativo de la Naci\u00f3n Uru (CENU), Instituto de Lengua y Cultura Uru (ILCU), autoridades originarias y educativas, en el marco del subproyecto \u201cInvestigaci\u00f3n Acci\u00f3n con la Naci\u00f3n Uru\u201d &nbsp;(2018-2021), han desarrollado diversas acciones de fortalecimiento educativo, cultural y ling\u00fc\u00edstico como investigaciones sobre saberes y &hellip; <\/p>\n<p><a class=\"more-link btn\" href=\"https:\/\/old.funproeibandes.org\/?page_id=2542\">Seguir leyendo<\/a><\/p>\n","protected":false},"author":3,"featured_media":0,"parent":0,"menu_order":0,"comment_status":"closed","ping_status":"closed","template":"","meta":{"footnotes":"","_joinchat":[]},"_links":{"self":[{"href":"https:\/\/old.funproeibandes.org\/index.php?rest_route=\/wp\/v2\/pages\/2542"}],"collection":[{"href":"https:\/\/old.funproeibandes.org\/index.php?rest_route=\/wp\/v2\/pages"}],"about":[{"href":"https:\/\/old.funproeibandes.org\/index.php?rest_route=\/wp\/v2\/types\/page"}],"author":[{"embeddable":true,"href":"https:\/\/old.funproeibandes.org\/index.php?rest_route=\/wp\/v2\/users\/3"}],"replies":[{"embeddable":true,"href":"https:\/\/old.funproeibandes.org\/index.php?rest_route=%2Fwp%2Fv2%2Fcomments&post=2542"}],"version-history":[{"count":6,"href":"https:\/\/old.funproeibandes.org\/index.php?rest_route=\/wp\/v2\/pages\/2542\/revisions"}],"predecessor-version":[{"id":2603,"href":"https:\/\/old.funproeibandes.org\/index.php?rest_route=\/wp\/v2\/pages\/2542\/revisions\/2603"}],"wp:attachment":[{"href":"https:\/\/old.funproeibandes.org\/index.php?rest_route=%2Fwp%2Fv2%2Fmedia&parent=2542"}],"curies":[{"name":"wp","href":"https:\/\/api.w.org\/{rel}","templated":true}]}}