{"id":2173,"date":"2022-09-08T15:01:49","date_gmt":"2022-09-08T19:01:49","guid":{"rendered":"http:\/\/www.funproeibandes.org\/?page_id=2173"},"modified":"2022-09-08T15:01:50","modified_gmt":"2022-09-08T19:01:50","slug":"activismos-digitales-y-lenguas-indigenas","status":"publish","type":"page","link":"https:\/\/old.funproeibandes.org\/?page_id=2173","title":{"rendered":"Activismos digitales y lenguas ind\u00edgenas"},"content":{"rendered":"\n<p><\/p>\n\n\n\n<p class=\"has-larger-font-size\"><strong>Antecedentes<\/strong><\/p>\n\n\n\n<p>A la conclusi\u00f3n del A\u00f1o Internacional de las Lenguas Ind\u00edgenas en 2019, la Asamblea de Naciones Unidas proclam\u00f3 el Decenio Internacional de las Lenguas Ind\u00edgenas para llamar la atenci\u00f3n del mundo respecto al riesgo de extinci\u00f3n de al menos 3.000 de las m\u00e1s de 6.500 lenguas ind\u00edgenas que a\u00fan se hablan. El silenciamiento de las lenguas ind\u00edgenas trae consigo la p\u00e9rdida de un c\u00famulo de conocimientos sobre la naturaleza y la interacci\u00f3n de los seres humanos con su entorno social y natural que los Pueblos Ind\u00edgenas han construido a lo largo de miles de a\u00f1os.&nbsp;<\/p>\n\n\n\n<p>En Am\u00e9rica Latina, todos los idiomas ind\u00edgenas se encuentran en situaci\u00f3n de vulnerabilidad, incluidos aquellos hablados por m\u00e1s de un mill\u00f3n de personas, como el quechua (ocho millones), el aymara (dos millones), el nahu\u00e1tl (un mill\u00f3n y medio), el q\u2019eqch\u2019i (un mill\u00f3n cuatrocientos mil) y el k\u2019iche\u2019 (un mill\u00f3n setecientos mil).&nbsp; No obstante, los \u00faltimos a\u00f1os han surgido distintas experiencias de revitalizaci\u00f3n y fortalecimiento cultural y ling\u00fc\u00edsticas a trav\u00e9s de los activismos digitales en las redes sociales que han construido un puente entre las nuevas tecnolog\u00edas y las lenguas ind\u00edgenas y llegan a ser un espacio potencial para evitar el silenciamiento de los idiomas, adem\u00e1s de constituirse en un escenario donde las generaciones de j\u00f3venes toman las iniciativas.&nbsp;<\/p>\n\n\n\n<p><\/p>\n\n\n\n<p class=\"has-larger-font-size\"><strong>Actividades<\/strong><\/p>\n\n\n\n<div class=\"wp-block-columns is-layout-flex wp-container-core-columns-layout-1 wp-block-columns-is-layout-flex\">\n<div class=\"wp-block-column is-layout-flow wp-block-column-is-layout-flow\" style=\"flex-basis:33.33%\">\n<figure class=\"wp-block-image size-large\"><img loading=\"lazy\" decoding=\"async\" width=\"1024\" height=\"683\" src=\"http:\/\/www.funproeibandes.org\/wp-content\/uploads\/2022\/09\/IMG_9821-1024x683.jpg\" alt=\"\" class=\"wp-image-2174\" srcset=\"https:\/\/old.funproeibandes.org\/wp-content\/uploads\/2022\/09\/IMG_9821-1024x683.jpg 1024w, https:\/\/old.funproeibandes.org\/wp-content\/uploads\/2022\/09\/IMG_9821-300x200.jpg 300w, https:\/\/old.funproeibandes.org\/wp-content\/uploads\/2022\/09\/IMG_9821-768x512.jpg 768w, https:\/\/old.funproeibandes.org\/wp-content\/uploads\/2022\/09\/IMG_9821-1536x1024.jpg 1536w, https:\/\/old.funproeibandes.org\/wp-content\/uploads\/2022\/09\/IMG_9821-2048x1365.jpg 2048w, https:\/\/old.funproeibandes.org\/wp-content\/uploads\/2022\/09\/IMG_9821-750x500.jpg 750w\" sizes=\"(max-width: 1024px) 100vw, 1024px\" \/><\/figure>\n<\/div>\n\n\n\n<div class=\"wp-block-column is-layout-flow wp-block-column-is-layout-flow\" style=\"flex-basis:66.66%\">\n<p class=\"has-large-font-size\"><strong>1) Sistematizaci\u00f3n de activismos digitales en lenguas ind\u00edgenas en Bolivia, Ecuador y Per\u00fa<\/strong><\/p>\n\n\n\n<p>Un equipo de especialistas en la tem\u00e1tica en Bolivia, Ecuador y Per\u00fa realizan la investigaci\u00f3n en cada uno de sus pa\u00edses, para identificar las iniciativas, aprendizajes, problemas y perspectivas en los activismos digitales en lenguas ind\u00edgenas. La investigaci\u00f3n ser\u00e1 compilada en un documento consolidado de los tres pa\u00edses junto a un audiovisual que rescate los aspectos relevantes de las experiencias.<\/p>\n<\/div>\n<\/div>\n\n\n\n<div class=\"wp-block-columns is-layout-flex wp-container-core-columns-layout-2 wp-block-columns-is-layout-flex\">\n<div class=\"wp-block-column is-layout-flow wp-block-column-is-layout-flow\" style=\"flex-basis:66.66%\">\n<p class=\"has-large-font-size\"><strong>2) Socializaci\u00f3n del informe de sistematizaci\u00f3n de activismos digitales en Bolivia, Ecuador y Per\u00fa<\/strong><\/p>\n\n\n\n<p>La experiencia en cada pa\u00eds ser\u00e1 socializada a trav\u00e9s de una presentaci\u00f3n de los resultados en un evento virtual.<\/p>\n<\/div>\n\n\n\n<div class=\"wp-block-column is-layout-flow wp-block-column-is-layout-flow\" style=\"flex-basis:33.33%\">\n<figure class=\"wp-block-image size-large\"><img loading=\"lazy\" decoding=\"async\" width=\"1024\" height=\"768\" src=\"http:\/\/www.funproeibandes.org\/wp-content\/uploads\/2022\/09\/IMG_9116-1024x768.jpg\" alt=\"\" class=\"wp-image-2175\" srcset=\"https:\/\/old.funproeibandes.org\/wp-content\/uploads\/2022\/09\/IMG_9116-1024x768.jpg 1024w, https:\/\/old.funproeibandes.org\/wp-content\/uploads\/2022\/09\/IMG_9116-300x225.jpg 300w, https:\/\/old.funproeibandes.org\/wp-content\/uploads\/2022\/09\/IMG_9116-768x576.jpg 768w, https:\/\/old.funproeibandes.org\/wp-content\/uploads\/2022\/09\/IMG_9116-1536x1152.jpg 1536w, https:\/\/old.funproeibandes.org\/wp-content\/uploads\/2022\/09\/IMG_9116-2048x1536.jpg 2048w, https:\/\/old.funproeibandes.org\/wp-content\/uploads\/2022\/09\/IMG_9116-750x563.jpg 750w\" sizes=\"(max-width: 1024px) 100vw, 1024px\" \/><\/figure>\n<\/div>\n<\/div>\n","protected":false},"excerpt":{"rendered":"<p>Antecedentes A la conclusi\u00f3n del A\u00f1o Internacional de las Lenguas Ind\u00edgenas en 2019, la Asamblea de Naciones Unidas proclam\u00f3 el Decenio Internacional de las Lenguas Ind\u00edgenas para llamar la atenci\u00f3n del mundo respecto al riesgo de extinci\u00f3n de al menos 3.000 de las m\u00e1s de 6.500 lenguas ind\u00edgenas que a\u00fan se hablan. El silenciamiento de &hellip; <\/p>\n<p><a class=\"more-link btn\" href=\"https:\/\/old.funproeibandes.org\/?page_id=2173\">Seguir leyendo<\/a><\/p>\n","protected":false},"author":3,"featured_media":0,"parent":0,"menu_order":0,"comment_status":"closed","ping_status":"closed","template":"","meta":{"footnotes":"","_joinchat":[]},"_links":{"self":[{"href":"https:\/\/old.funproeibandes.org\/index.php?rest_route=\/wp\/v2\/pages\/2173"}],"collection":[{"href":"https:\/\/old.funproeibandes.org\/index.php?rest_route=\/wp\/v2\/pages"}],"about":[{"href":"https:\/\/old.funproeibandes.org\/index.php?rest_route=\/wp\/v2\/types\/page"}],"author":[{"embeddable":true,"href":"https:\/\/old.funproeibandes.org\/index.php?rest_route=\/wp\/v2\/users\/3"}],"replies":[{"embeddable":true,"href":"https:\/\/old.funproeibandes.org\/index.php?rest_route=%2Fwp%2Fv2%2Fcomments&post=2173"}],"version-history":[{"count":1,"href":"https:\/\/old.funproeibandes.org\/index.php?rest_route=\/wp\/v2\/pages\/2173\/revisions"}],"predecessor-version":[{"id":2176,"href":"https:\/\/old.funproeibandes.org\/index.php?rest_route=\/wp\/v2\/pages\/2173\/revisions\/2176"}],"wp:attachment":[{"href":"https:\/\/old.funproeibandes.org\/index.php?rest_route=%2Fwp%2Fv2%2Fmedia&parent=2173"}],"curies":[{"name":"wp","href":"https:\/\/api.w.org\/{rel}","templated":true}]}}