{"id":2164,"date":"2022-09-08T14:43:51","date_gmt":"2022-09-08T18:43:51","guid":{"rendered":"http:\/\/www.funproeibandes.org\/?page_id=2164"},"modified":"2022-09-08T14:43:52","modified_gmt":"2022-09-08T18:43:52","slug":"educacion-superior-y-tic","status":"publish","type":"page","link":"https:\/\/old.funproeibandes.org\/?page_id=2164","title":{"rendered":"Educaci\u00f3n Superior y TIC\u00a0"},"content":{"rendered":"\n<p class=\"has-larger-font-size\">\u00a0<strong>Antecedentes<\/strong><\/p>\n\n\n\n<p>El a\u00f1o 2020, como consecuencia de la pandemia causada por la Covid-19 al pa\u00eds, la Educaci\u00f3n Superior paraliz\u00f3 sus actividades y posteriormente se encamin\u00f3 hacia una educaci\u00f3n a distancia en la b\u00fasqueda de dar continuidad a las actividades acad\u00e9micas.&nbsp; En ese contexto, la Funproeib Andes, en coordinaci\u00f3n con la Universidad Mayor de San Sim\u00f3n, la Universidad Aut\u00f3noma del Beni Jos\u00e9 Ballivi\u00e1n y la Universidad Ind\u00edgena Boliviana Comunitaria, Intercultural y Productiva,&nbsp; UNIBOL Guaran\u00ed y Pueblos de Tierras Bajas,&nbsp; emprendi\u00f3 el proyecto: Investigaci\u00f3n sobre condiciones de acceso, conectividad y uso de TIC y sus efectos y desaf\u00edos en universidades p\u00fablicas e ind\u00edgenas, cual dio a luz la investigaci\u00f3n: \u201cRealidades y desaf\u00edos de la educaci\u00f3n a distancia virtual en tres universidades de Bolivia en el contexto de la pandemia Covid-19 durante la gesti\u00f3n 2020\u201d.&nbsp;<\/p>\n\n\n\n<p>A partir de ello y en aras de construir a una propuesta institucional, se evidenci\u00f3 que, a pesar de casi dos a\u00f1os de virtualizaci\u00f3n en la educaci\u00f3n superior, los avances no son suficientes y se deben recoger las buenas pr\u00e1cticas educativas.\u00a0 En ese sentido se propone espacios de formaci\u00f3n y cualificaci\u00f3n acad\u00e9mica en Posgrado dirigido a docentes y en Pregrado dirigido a estudiantes en las tres universidades involucradas en el proyecto.<\/p>\n\n\n\n<p class=\"has-larger-font-size\"><strong>Actividades<\/strong><\/p>\n\n\n\n<div class=\"wp-block-columns is-layout-flex wp-container-core-columns-layout-1 wp-block-columns-is-layout-flex\">\n<div class=\"wp-block-column is-layout-flow wp-block-column-is-layout-flow\" style=\"flex-basis:33.33%\">\n<figure class=\"wp-block-image size-full is-resized\"><img loading=\"lazy\" decoding=\"async\" src=\"http:\/\/www.funproeibandes.org\/wp-content\/uploads\/2022\/09\/foto-unibol.jpg\" alt=\"\" class=\"wp-image-2165\" width=\"267\" height=\"179\" srcset=\"https:\/\/old.funproeibandes.org\/wp-content\/uploads\/2022\/09\/foto-unibol.jpg 912w, https:\/\/old.funproeibandes.org\/wp-content\/uploads\/2022\/09\/foto-unibol-300x201.jpg 300w, https:\/\/old.funproeibandes.org\/wp-content\/uploads\/2022\/09\/foto-unibol-768x515.jpg 768w, https:\/\/old.funproeibandes.org\/wp-content\/uploads\/2022\/09\/foto-unibol-750x503.jpg 750w\" sizes=\"(max-width: 267px) 100vw, 267px\" \/><\/figure>\n<\/div>\n\n\n\n<div class=\"wp-block-column is-layout-flow wp-block-column-is-layout-flow\" style=\"flex-basis:66.66%\">\n<p class=\"has-large-font-size\"><strong>1) Diplomado en metodolog\u00edas Blended Learning para la Educaci\u00f3n Superior<\/strong><\/p>\n\n\n\n<p>El Diplomado en Metodolog\u00edas Blended Learning para la Educaci\u00f3n Superior fue construido en coordinaci\u00f3n con las universidades involucradas en el proyecto: UMSS, UAB-JB y Unibol Guaran\u00ed y Tierras Bajas.\u00a0 Este curso pretende brindar herramientas anal\u00edticas y pr\u00e1cticas, dise\u00f1adas desde un modelo pedag\u00f3gico que combine ambos espacios educativos, el virtual y el presencial, y se contribuya en una adecuada implementaci\u00f3n de la educaci\u00f3n semipresencial o mixta (Blended Learning), <\/p>\n\n\n\n<!--more-->\n\n\n\n<p>teniendo en cuenta la construcci\u00f3n de una sociedad intercultural e inclusiva en la Educaci\u00f3n Superior y acorde con los contextos socioculturales de los estudiantes.\u00a0 El Diplomado se ejecuta en su primera versi\u00f3n y alberga a 32 docentes en ejercicio de las tres casas superiores de estudio.<\/p>\n<\/div>\n<\/div>\n\n\n\n<div class=\"wp-block-columns is-layout-flex wp-container-core-columns-layout-2 wp-block-columns-is-layout-flex\">\n<div class=\"wp-block-column is-layout-flow wp-block-column-is-layout-flow\" style=\"flex-basis:66.66%\">\n<p class=\"has-large-font-size\"><strong>2) Curso corto de Herramientas de aprendizaje online y de la nube para la Educaci\u00f3n Superior<\/strong><\/p>\n\n\n\n<p>El curso corto busca capacitar y cualificar en competencias digitales a estudiantes de los primeros semestres que reci\u00e9n est\u00e1n ingresando a las Facultades de Humanidades y Ciencias de la Educaci\u00f3n de la UMSS y de la UAB-JB y de primer a\u00f1o de la Unibol Guaran\u00ed y de Tierras Bajas.<\/p>\n<\/div>\n\n\n\n<div class=\"wp-block-column is-layout-flow wp-block-column-is-layout-flow\" style=\"flex-basis:33.33%\">\n<figure class=\"wp-block-image size-large\"><img loading=\"lazy\" decoding=\"async\" width=\"1024\" height=\"768\" src=\"http:\/\/www.funproeibandes.org\/wp-content\/uploads\/2022\/09\/IMG_9123-1024x768.jpg\" alt=\"\" class=\"wp-image-2166\" srcset=\"https:\/\/old.funproeibandes.org\/wp-content\/uploads\/2022\/09\/IMG_9123-1024x768.jpg 1024w, https:\/\/old.funproeibandes.org\/wp-content\/uploads\/2022\/09\/IMG_9123-300x225.jpg 300w, https:\/\/old.funproeibandes.org\/wp-content\/uploads\/2022\/09\/IMG_9123-768x576.jpg 768w, https:\/\/old.funproeibandes.org\/wp-content\/uploads\/2022\/09\/IMG_9123-1536x1152.jpg 1536w, https:\/\/old.funproeibandes.org\/wp-content\/uploads\/2022\/09\/IMG_9123-2048x1536.jpg 2048w, https:\/\/old.funproeibandes.org\/wp-content\/uploads\/2022\/09\/IMG_9123-750x563.jpg 750w\" sizes=\"(max-width: 1024px) 100vw, 1024px\" \/><\/figure>\n<\/div>\n<\/div>\n","protected":false},"excerpt":{"rendered":"<p>\u00a0Antecedentes El a\u00f1o 2020, como consecuencia de la pandemia causada por la Covid-19 al pa\u00eds, la Educaci\u00f3n Superior paraliz\u00f3 sus actividades y posteriormente se encamin\u00f3 hacia una educaci\u00f3n a distancia en la b\u00fasqueda de dar continuidad a las actividades acad\u00e9micas.&nbsp; En ese contexto, la Funproeib Andes, en coordinaci\u00f3n con la Universidad Mayor de San Sim\u00f3n, &hellip; <\/p>\n<p><a class=\"more-link btn\" href=\"https:\/\/old.funproeibandes.org\/?page_id=2164\">Seguir leyendo<\/a><\/p>\n","protected":false},"author":3,"featured_media":0,"parent":0,"menu_order":0,"comment_status":"closed","ping_status":"closed","template":"","meta":{"footnotes":"","_joinchat":[]},"_links":{"self":[{"href":"https:\/\/old.funproeibandes.org\/index.php?rest_route=\/wp\/v2\/pages\/2164"}],"collection":[{"href":"https:\/\/old.funproeibandes.org\/index.php?rest_route=\/wp\/v2\/pages"}],"about":[{"href":"https:\/\/old.funproeibandes.org\/index.php?rest_route=\/wp\/v2\/types\/page"}],"author":[{"embeddable":true,"href":"https:\/\/old.funproeibandes.org\/index.php?rest_route=\/wp\/v2\/users\/3"}],"replies":[{"embeddable":true,"href":"https:\/\/old.funproeibandes.org\/index.php?rest_route=%2Fwp%2Fv2%2Fcomments&post=2164"}],"version-history":[{"count":1,"href":"https:\/\/old.funproeibandes.org\/index.php?rest_route=\/wp\/v2\/pages\/2164\/revisions"}],"predecessor-version":[{"id":2167,"href":"https:\/\/old.funproeibandes.org\/index.php?rest_route=\/wp\/v2\/pages\/2164\/revisions\/2167"}],"wp:attachment":[{"href":"https:\/\/old.funproeibandes.org\/index.php?rest_route=%2Fwp%2Fv2%2Fmedia&parent=2164"}],"curies":[{"name":"wp","href":"https:\/\/api.w.org\/{rel}","templated":true}]}}