{"id":2086,"date":"2022-09-06T12:36:33","date_gmt":"2022-09-06T16:36:33","guid":{"rendered":"http:\/\/www.funproeibandes.org\/?page_id=2086"},"modified":"2022-09-08T15:33:29","modified_gmt":"2022-09-08T19:33:29","slug":"subproyecto-2","status":"publish","type":"page","link":"https:\/\/old.funproeibandes.org\/?page_id=2086","title":{"rendered":"Educaci\u00f3n Superior en la Naci\u00f3n Uru"},"content":{"rendered":"\n<p><\/p>\n\n\n\n<p class=\"has-large-font-size\"><strong>ANTECEDENTES<\/strong><\/p>\n\n\n\n<p>La Funproeib Andes en coordinaci\u00f3n con las organizaciones urus: Consejo Educativo de la Naci\u00f3n Uru (CENU), Instituto de Lengua y Cultura Uru (ILCU), autoridades originarias y educativas, en el marco del subproyecto \u201cInvestigaci\u00f3n Acci\u00f3n con la Naci\u00f3n Uru\u201d &nbsp;(2018-2021), han desarrollado diversas acciones de fortalecimiento educativo, cultural y ling\u00fc\u00edstico como investigaciones sobre saberes y conocimientos, monograf\u00edas comunales y actividades en revitalizaci\u00f3n cultural y ling\u00fc\u00edstica, que se han traducido en materiales como: textos, cartillas, audiovisuales, animaciones, cu\u00f1as radiales y otros.<\/p>\n\n\n\n<p>A partir de la gesti\u00f3n 2022 la Funproeib Andes, en estrecha coordinaci\u00f3n con las organizaciones y autoridades originarias urus, ejecuta el proyecto \u201cEducaci\u00f3n Superior en la Naci\u00f3n Uru\u201d, enfocando su mirada en la transici\u00f3n de j\u00f3venes urus de la Educaci\u00f3n Secundaria a la Educaci\u00f3n Superior, debido a las problem\u00e1ticas de acceso, continuidad y profesionalizaci\u00f3n.<\/p>\n\n\n\n<p><\/p>\n\n\n\n<p class=\"has-large-font-size\"><strong>ACTIVIDADES<\/strong><\/p>\n\n\n\n<div class=\"wp-block-columns is-layout-flex wp-container-core-columns-layout-1 wp-block-columns-is-layout-flex\">\n<div class=\"wp-block-column is-layout-flow wp-block-column-is-layout-flow\" style=\"flex-basis:33.33%\">\n<figure class=\"wp-block-image size-large is-resized\"><img loading=\"lazy\" decoding=\"async\" src=\"http:\/\/www.funproeibandes.org\/wp-content\/uploads\/2022\/09\/imag-7-1024x683.jpg\" alt=\"\" class=\"wp-image-2188\" width=\"257\" height=\"171\" srcset=\"https:\/\/old.funproeibandes.org\/wp-content\/uploads\/2022\/09\/imag-7-1024x683.jpg 1024w, https:\/\/old.funproeibandes.org\/wp-content\/uploads\/2022\/09\/imag-7-300x200.jpg 300w, https:\/\/old.funproeibandes.org\/wp-content\/uploads\/2022\/09\/imag-7-768x512.jpg 768w, https:\/\/old.funproeibandes.org\/wp-content\/uploads\/2022\/09\/imag-7-1536x1024.jpg 1536w, https:\/\/old.funproeibandes.org\/wp-content\/uploads\/2022\/09\/imag-7-2048x1365.jpg 2048w, https:\/\/old.funproeibandes.org\/wp-content\/uploads\/2022\/09\/imag-7-750x500.jpg 750w\" sizes=\"(max-width: 257px) 100vw, 257px\" \/><\/figure>\n<\/div>\n\n\n\n<div class=\"wp-block-column is-layout-flow wp-block-column-is-layout-flow\" style=\"flex-basis:66.66%\">\n<p class=\"has-large-font-size\"><strong>1.- Becas de apoyo financiero y capacitaci\u00f3n t\u00e9cnica<\/strong><\/p>\n\n\n\n<p class=\"has-text-align-left\">Esta beca consiste en un apoyo financiero, t\u00e9cnico de tutor\u00eda y acompa\u00f1amiento a j\u00f3venes varones y mujeres urus que est\u00e1n cursando una carrera profesional en universidades e institutos t\u00e9cnicos pr\u00f3ximos a sus comunidades. &nbsp;Se realiza un acompa\u00f1amiento y apoyo pedag\u00f3gico a trav\u00e9s de talleres que respondan al fortalecimiento acad\u00e9mico e identitario.<\/p>\n\n\n\n<p class=\"has-text-align-left\">Esta beca beneficia a j\u00f3venes urus de las comunidades de Ayparavi (Chipaya), Irohito Urus, Llapallapani, Vila\u00f1eque y Pu\u00f1aca Tinta Mar\u00eda de la Naci\u00f3n Uru (Lago Poop\u00f3).<\/p>\n<\/div>\n<\/div>\n\n\n\n<div class=\"wp-block-columns is-layout-flex wp-container-core-columns-layout-3 wp-block-columns-is-layout-flex\">\n<div class=\"wp-block-column is-layout-flow wp-block-column-is-layout-flow\">\n<div class=\"wp-block-columns is-layout-flex wp-container-core-columns-layout-2 wp-block-columns-is-layout-flex\">\n<div class=\"wp-block-column is-layout-flow wp-block-column-is-layout-flow\" style=\"flex-basis:66.66%\">\n<p class=\"has-large-font-size\"><strong>2.- Curso corto: Transici\u00f3n de Educaci\u00f3n Secundaria a Educaci\u00f3n Superior<\/strong><\/p>\n\n\n\n<p>El programa del Curso corto est\u00e1 dirigido a profesores en ejercicio de las Unidades Educativas Urus en las comunidades de Llapallapani, Vila\u00f1eque, Pu\u00f1aca Tinta Mar\u00eda, Ayparavi e Irohito Urus, considerando que los profesores tienen un rol central en las actividades formativas estudiantiles en las comunidades urus.<\/p>\n\n\n\n<p>El curso tiene como objetivo originar reflexiones sobre las problem\u00e1ticas que atraviesan los j\u00f3venes urus para acceder a una Educaci\u00f3n Superior, asimismo busca proporcionar herramientas pr\u00e1cticas de estrategias para orientaci\u00f3n vocacional, plan de vida con identidad, entre otras, de manera contextualizada y con pertinencia cultural.<\/p>\n<\/div>\n\n\n\n<div class=\"wp-block-column is-layout-flow wp-block-column-is-layout-flow\" style=\"flex-basis:33.33%\">\n<figure class=\"wp-block-image size-large is-resized\"><img loading=\"lazy\" decoding=\"async\" src=\"http:\/\/www.funproeibandes.org\/wp-content\/uploads\/2022\/09\/curso-corto-uru-2-1024x578.jpg\" alt=\"\" class=\"wp-image-2187\" width=\"278\" height=\"156\" srcset=\"https:\/\/old.funproeibandes.org\/wp-content\/uploads\/2022\/09\/curso-corto-uru-2-1024x578.jpg 1024w, https:\/\/old.funproeibandes.org\/wp-content\/uploads\/2022\/09\/curso-corto-uru-2-300x169.jpg 300w, https:\/\/old.funproeibandes.org\/wp-content\/uploads\/2022\/09\/curso-corto-uru-2-768x434.jpg 768w, https:\/\/old.funproeibandes.org\/wp-content\/uploads\/2022\/09\/curso-corto-uru-2-1536x867.jpg 1536w, https:\/\/old.funproeibandes.org\/wp-content\/uploads\/2022\/09\/curso-corto-uru-2-2048x1156.jpg 2048w, https:\/\/old.funproeibandes.org\/wp-content\/uploads\/2022\/09\/curso-corto-uru-2-750x423.jpg 750w\" sizes=\"(max-width: 278px) 100vw, 278px\" \/><\/figure>\n<\/div>\n<\/div>\n<\/div>\n<\/div>\n\n\n\n<div class=\"wp-block-columns is-layout-flex wp-container-core-columns-layout-4 wp-block-columns-is-layout-flex\">\n<div class=\"wp-block-column is-layout-flow wp-block-column-is-layout-flow\" style=\"flex-basis:33.33%\">\n<figure class=\"wp-block-image size-large is-resized\"><img loading=\"lazy\" decoding=\"async\" src=\"http:\/\/www.funproeibandes.org\/wp-content\/uploads\/2022\/09\/IMG_7739-1024x683.jpg\" alt=\"\" class=\"wp-image-2189\" width=\"245\" height=\"163\" srcset=\"https:\/\/old.funproeibandes.org\/wp-content\/uploads\/2022\/09\/IMG_7739-1024x683.jpg 1024w, https:\/\/old.funproeibandes.org\/wp-content\/uploads\/2022\/09\/IMG_7739-300x200.jpg 300w, https:\/\/old.funproeibandes.org\/wp-content\/uploads\/2022\/09\/IMG_7739-768x512.jpg 768w, https:\/\/old.funproeibandes.org\/wp-content\/uploads\/2022\/09\/IMG_7739-1536x1024.jpg 1536w, https:\/\/old.funproeibandes.org\/wp-content\/uploads\/2022\/09\/IMG_7739-2048x1365.jpg 2048w, https:\/\/old.funproeibandes.org\/wp-content\/uploads\/2022\/09\/IMG_7739-750x500.jpg 750w\" sizes=\"(max-width: 245px) 100vw, 245px\" \/><\/figure>\n<\/div>\n\n\n\n<div class=\"wp-block-column is-layout-flow wp-block-column-is-layout-flow\" style=\"flex-basis:66.66%\">\n<p class=\"has-large-font-size\"><strong>3.- Programa de orientaci\u00f3n vocacional, plan de vida con identidad desde un enfoque de revitalizaci\u00f3n cultural y ling\u00fc\u00edstica<\/strong><\/p>\n\n\n\n<p>Este programa se enfoca en los j\u00f3venes de secundaria y padres y madres de familia. La orientaci\u00f3n vocacional y plan de vida y retorno comunitario, apoya a la proyecci\u00f3n de un futuro, desde una mirada de autorreconocimiento y fortalecimiento de las ra\u00edces. &nbsp;Se trabajar\u00e1 en cada comunidad uru y las actividades concluir\u00e1n con un Encuentro de j\u00f3venes de cada poblaci\u00f3n.<\/p>\n<\/div>\n<\/div>\n\n\n\n<div class=\"wp-block-columns is-layout-flex wp-container-core-columns-layout-5 wp-block-columns-is-layout-flex\">\n<div class=\"wp-block-column is-layout-flow wp-block-column-is-layout-flow\">\n<p class=\"has-large-font-size\"><strong>4.- Investigaci\u00f3n de Historias de Vida<\/strong><\/p>\n\n\n\n<p>Las historias de vida pretenden compartir la trayectoria de vida personal, experiencias y aprendizajes de reconocidos, recordados y destacados l\u00edderes y lideresas urus en las poblaciones urus.<\/p>\n<\/div>\n\n\n\n<div class=\"wp-block-column is-layout-flow wp-block-column-is-layout-flow\">\n<figure class=\"wp-block-image size-large is-resized\"><img loading=\"lazy\" decoding=\"async\" src=\"http:\/\/www.funproeibandes.org\/wp-content\/uploads\/2022\/09\/P1040118-768x1024.jpg\" alt=\"\" class=\"wp-image-2190\" width=\"287\" height=\"382\" srcset=\"https:\/\/old.funproeibandes.org\/wp-content\/uploads\/2022\/09\/P1040118-768x1024.jpg 768w, https:\/\/old.funproeibandes.org\/wp-content\/uploads\/2022\/09\/P1040118-225x300.jpg 225w, https:\/\/old.funproeibandes.org\/wp-content\/uploads\/2022\/09\/P1040118-1152x1536.jpg 1152w, https:\/\/old.funproeibandes.org\/wp-content\/uploads\/2022\/09\/P1040118-1536x2048.jpg 1536w, https:\/\/old.funproeibandes.org\/wp-content\/uploads\/2022\/09\/P1040118-750x1000.jpg 750w, https:\/\/old.funproeibandes.org\/wp-content\/uploads\/2022\/09\/P1040118-scaled.jpg 1920w\" sizes=\"(max-width: 287px) 100vw, 287px\" \/><\/figure>\n<\/div>\n<\/div>\n\n\n\n<p><\/p>\n\n\n\n<p><\/p>\n","protected":false},"excerpt":{"rendered":"<p>ANTECEDENTES La Funproeib Andes en coordinaci\u00f3n con las organizaciones urus: Consejo Educativo de la Naci\u00f3n Uru (CENU), Instituto de Lengua y Cultura Uru (ILCU), autoridades originarias y educativas, en el marco del subproyecto \u201cInvestigaci\u00f3n Acci\u00f3n con la Naci\u00f3n Uru\u201d &nbsp;(2018-2021), han desarrollado diversas acciones de fortalecimiento educativo, cultural y ling\u00fc\u00edstico como investigaciones sobre saberes y &hellip; <\/p>\n<p><a class=\"more-link btn\" href=\"https:\/\/old.funproeibandes.org\/?page_id=2086\">Seguir leyendo<\/a><\/p>\n","protected":false},"author":3,"featured_media":0,"parent":0,"menu_order":1,"comment_status":"closed","ping_status":"closed","template":"","meta":{"footnotes":"","_joinchat":[]},"_links":{"self":[{"href":"https:\/\/old.funproeibandes.org\/index.php?rest_route=\/wp\/v2\/pages\/2086"}],"collection":[{"href":"https:\/\/old.funproeibandes.org\/index.php?rest_route=\/wp\/v2\/pages"}],"about":[{"href":"https:\/\/old.funproeibandes.org\/index.php?rest_route=\/wp\/v2\/types\/page"}],"author":[{"embeddable":true,"href":"https:\/\/old.funproeibandes.org\/index.php?rest_route=\/wp\/v2\/users\/3"}],"replies":[{"embeddable":true,"href":"https:\/\/old.funproeibandes.org\/index.php?rest_route=%2Fwp%2Fv2%2Fcomments&post=2086"}],"version-history":[{"count":4,"href":"https:\/\/old.funproeibandes.org\/index.php?rest_route=\/wp\/v2\/pages\/2086\/revisions"}],"predecessor-version":[{"id":2191,"href":"https:\/\/old.funproeibandes.org\/index.php?rest_route=\/wp\/v2\/pages\/2086\/revisions\/2191"}],"wp:attachment":[{"href":"https:\/\/old.funproeibandes.org\/index.php?rest_route=%2Fwp%2Fv2%2Fmedia&parent=2086"}],"curies":[{"name":"wp","href":"https:\/\/api.w.org\/{rel}","templated":true}]}}