{"id":19,"date":"2018-06-27T20:13:12","date_gmt":"2018-06-27T20:13:12","guid":{"rendered":"http:\/\/www.funproeibandes.org\/?page_id=19"},"modified":"2022-06-15T11:35:38","modified_gmt":"2022-06-15T15:35:38","slug":"novedades","status":"publish","type":"page","link":"https:\/\/old.funproeibandes.org\/?page_id=19","title":{"rendered":"Novedades"},"content":{"rendered":"\n<p><\/p>\n\n\n\n<p><\/p>\n\n\n\n<h2 class=\"wp-block-heading\"><strong>Funproeib Andes arranc\u00f3 con el Diplomado Blended Learning para la Educaci\u00f3n Superior<\/strong><\/h2>\n\n\n\n<figure class=\"wp-block-gallery has-nested-images columns-default is-cropped wp-block-gallery-1 is-layout-flex wp-block-gallery-is-layout-flex\">\n<figure class=\"wp-block-image size-large\"><img loading=\"lazy\" decoding=\"async\" width=\"1024\" height=\"472\" data-id=\"1947\" src=\"http:\/\/www.funproeibandes.org\/wp-content\/uploads\/2022\/06\/1-1024x472.jpeg\" alt=\"\" class=\"wp-image-1947\" srcset=\"https:\/\/old.funproeibandes.org\/wp-content\/uploads\/2022\/06\/1-1024x472.jpeg 1024w, https:\/\/old.funproeibandes.org\/wp-content\/uploads\/2022\/06\/1-300x138.jpeg 300w, https:\/\/old.funproeibandes.org\/wp-content\/uploads\/2022\/06\/1-768x354.jpeg 768w, https:\/\/old.funproeibandes.org\/wp-content\/uploads\/2022\/06\/1-750x346.jpeg 750w, https:\/\/old.funproeibandes.org\/wp-content\/uploads\/2022\/06\/1.jpeg 1280w\" sizes=\"(max-width: 1024px) 100vw, 1024px\" \/><figcaption>Taller realizado con el Instituto de Investigaci\u00f3n y con Postgrado de la Facultad de Humanidades y Ciencias de la Educaci\u00f3n de la UMSS.<\/figcaption><\/figure>\n<\/figure>\n\n\n\n<p>En 2020, a ra\u00edz de la pandemia por la Covid 19, la educaci\u00f3n da un salto en la modalidad a distancia. Han transcurrido dos a\u00f1os desde su implementaci\u00f3n en la Educaci\u00f3n Superior, pero a\u00fan existen desaf\u00edos por encarar.<\/p>\n\n\n\n<p>En ese contexto, la Funproeib Andes en coordinaci\u00f3n con la Universidad Mayor de San Sim\u00f3n (UMSS), la Universidad Aut\u00f3noma del Beni Jos\u00e9 Ballivi\u00e1n (UAB) y la Universidad Ind\u00edgena Boliviana Comunitaria, Intercultural y Productiva Guaran\u00ed y Pueblos de Tierras Bajas \u201cApiaguaiki Tupa\u201d (UNIBOL) realiz\u00f3 un an\u00e1lisis contextual de la Educaci\u00f3n Superior para esta gesti\u00f3n y colectivamente construyeron las bases para el Diplomado en Metodolog\u00edas Blended Learning durante el primer semestre del a\u00f1o.&nbsp; El dise\u00f1o se realiz\u00f3 y socializ\u00f3 en Cochabamba, Trinidad-Beni e Ivo-Chuquisaca, entre autoridades universitarias, docentes y especialistas.<\/p>\n\n\n\n<p><strong>Inicio del curso<\/strong><\/p>\n\n\n\n<figure class=\"wp-block-gallery has-nested-images columns-default is-cropped wp-block-gallery-2 is-layout-flex wp-block-gallery-is-layout-flex\">\n<figure class=\"wp-block-image size-large\"><img loading=\"lazy\" decoding=\"async\" width=\"1024\" height=\"1024\" data-id=\"1949\" src=\"http:\/\/www.funproeibandes.org\/wp-content\/uploads\/2022\/06\/3-1024x1024.jpeg\" alt=\"\" class=\"wp-image-1949\" srcset=\"https:\/\/old.funproeibandes.org\/wp-content\/uploads\/2022\/06\/3-1024x1024.jpeg 1024w, https:\/\/old.funproeibandes.org\/wp-content\/uploads\/2022\/06\/3-300x300.jpeg 300w, https:\/\/old.funproeibandes.org\/wp-content\/uploads\/2022\/06\/3-150x150.jpeg 150w, https:\/\/old.funproeibandes.org\/wp-content\/uploads\/2022\/06\/3-768x768.jpeg 768w, https:\/\/old.funproeibandes.org\/wp-content\/uploads\/2022\/06\/3-750x750.jpeg 750w, https:\/\/old.funproeibandes.org\/wp-content\/uploads\/2022\/06\/3.jpeg 1280w\" sizes=\"(max-width: 1024px) 100vw, 1024px\" \/><figcaption>Taller realizado con el decano, directores de carrera y el Instituto de Investigaciones y Postgrado de la Facultad de Humanidades y Ciencias de la Educaci\u00f3n de la UAB &#8211; JB.<\/figcaption><\/figure>\n<\/figure>\n\n\n\n<p>Funproeib Andes inaugur\u00f3 el 14 de junio la primera versi\u00f3n del <strong>Diplomado en Metodolog\u00edas Blended Learning<\/strong> <strong>para la Educaci\u00f3n Superior<\/strong> dirigido a los docentes de las tres universidades involucradas.<\/p>\n\n\n\n<p>El acto de inauguraci\u00f3n virtual fue resaltado con la participaci\u00f3n de las principales autoridades acad\u00e9micas de las tres universidades, adem\u00e1s de los docentes que estar\u00e1n a cargo de los diferentes m\u00f3dulos.<\/p>\n\n\n\n<p>Participaron del acto el Mgr. Carlos Callapa, coordinador general de proyectos de la Funproeib Andes; el Lic. Milton Chacay, Vicerrector de la UNIBOL; Lic. Martha Elena Velarde Hurtado, Decana de la Facultad de Humanidades y Ciencias de la Educaci\u00f3n de la UAB; la Lic. Jimena Salinas Valdivieso, Directora Acad\u00e9mica de la Facultad de Humanidades y Ciencias de la Educaci\u00f3n de la UMSS; el Dr. Jhonny Jaldin, Director de Posgrado de la Facultad de Humanidades y Ciencias de la Educaci\u00f3n de la UMSS, quienes agradecieron y destacaron la importancia del diplomado en su primera versi\u00f3n.<\/p>\n\n\n\n<p>32 docentes pasar\u00e1n el diplomado que tendr\u00e1 una duraci\u00f3n de cinco meses y cuyo costo es financiado en un 90 por ciento por la Funproeib Andes.<\/p>\n\n\n\n<p>El prop\u00f3sito del diplomado es brindar herramientas anal\u00edticas y pr\u00e1cticas, dise\u00f1adas desde un modelo pedag\u00f3gico, para llevar adelante una educaci\u00f3n combinada (virtual y presencial) acorde al contexto sociocultural de los estudiantes.<\/p>\n\n\n\n<figure class=\"wp-block-gallery has-nested-images columns-default is-cropped wp-block-gallery-3 is-layout-flex wp-block-gallery-is-layout-flex\">\n<figure class=\"wp-block-image size-large\"><img loading=\"lazy\" decoding=\"async\" width=\"912\" height=\"612\" data-id=\"1951\" src=\"http:\/\/www.funproeibandes.org\/wp-content\/uploads\/2022\/06\/foto-unibol-2.jpg\" alt=\"\" class=\"wp-image-1951\" srcset=\"https:\/\/old.funproeibandes.org\/wp-content\/uploads\/2022\/06\/foto-unibol-2.jpg 912w, https:\/\/old.funproeibandes.org\/wp-content\/uploads\/2022\/06\/foto-unibol-2-300x201.jpg 300w, https:\/\/old.funproeibandes.org\/wp-content\/uploads\/2022\/06\/foto-unibol-2-768x515.jpg 768w, https:\/\/old.funproeibandes.org\/wp-content\/uploads\/2022\/06\/foto-unibol-2-750x503.jpg 750w\" sizes=\"(max-width: 912px) 100vw, 912px\" \/><figcaption>Taller realizado con el Instituto de Investigaciones, el Vicerrector y docentes de la Universidad Ind\u00edgena Boliviana Comunitaria, Intercultural y Productiva Guaran\u00ed y Pueblos de Tierras Bajas \u201cApiaguaiki Tupa\u201d (UNIBOL).<\/figcaption><\/figure>\n<\/figure>\n","protected":false},"excerpt":{"rendered":"<p>Funproeib Andes arranc\u00f3 con el Diplomado Blended Learning para la Educaci\u00f3n Superior En 2020, a ra\u00edz de la pandemia por la Covid 19, la educaci\u00f3n da un salto en la modalidad a distancia. Han transcurrido dos a\u00f1os desde su implementaci\u00f3n en la Educaci\u00f3n Superior, pero a\u00fan existen desaf\u00edos por encarar. En ese contexto, la Funproeib &hellip; <\/p>\n<p><a class=\"more-link btn\" href=\"https:\/\/old.funproeibandes.org\/?page_id=19\">Seguir leyendo<\/a><\/p>\n","protected":false},"author":1,"featured_media":0,"parent":0,"menu_order":0,"comment_status":"closed","ping_status":"closed","template":"","meta":{"footnotes":"","_joinchat":[]},"_links":{"self":[{"href":"https:\/\/old.funproeibandes.org\/index.php?rest_route=\/wp\/v2\/pages\/19"}],"collection":[{"href":"https:\/\/old.funproeibandes.org\/index.php?rest_route=\/wp\/v2\/pages"}],"about":[{"href":"https:\/\/old.funproeibandes.org\/index.php?rest_route=\/wp\/v2\/types\/page"}],"author":[{"embeddable":true,"href":"https:\/\/old.funproeibandes.org\/index.php?rest_route=\/wp\/v2\/users\/1"}],"replies":[{"embeddable":true,"href":"https:\/\/old.funproeibandes.org\/index.php?rest_route=%2Fwp%2Fv2%2Fcomments&post=19"}],"version-history":[{"count":2,"href":"https:\/\/old.funproeibandes.org\/index.php?rest_route=\/wp\/v2\/pages\/19\/revisions"}],"predecessor-version":[{"id":1952,"href":"https:\/\/old.funproeibandes.org\/index.php?rest_route=\/wp\/v2\/pages\/19\/revisions\/1952"}],"wp:attachment":[{"href":"https:\/\/old.funproeibandes.org\/index.php?rest_route=%2Fwp%2Fv2%2Fmedia&parent=19"}],"curies":[{"name":"wp","href":"https:\/\/api.w.org\/{rel}","templated":true}]}}