{"id":1875,"date":"2022-03-02T20:29:01","date_gmt":"2022-03-03T00:29:01","guid":{"rendered":"http:\/\/www.funproeibandes.org\/?page_id=1875"},"modified":"2024-03-14T10:14:12","modified_gmt":"2024-03-14T14:14:12","slug":"libros-apoyados-y-coordinados-con-la-fhyce","status":"publish","type":"page","link":"https:\/\/old.funproeibandes.org\/?page_id=1875","title":{"rendered":"Libros apoyados y coordinados con la FHyCE y otros"},"content":{"rendered":"\n<!-- Generado usando Document Gallery. Obtenga el suyo aqu\u00ed:http:\/\/wordpress.org\/extend\/plugins\/document-gallery -->\n<div id=\"document-gallery-1\" class=\"document-gallery\" data-shortcode='{\"id\":1875,\"include\":\"2852,2848,2517,2515,2516,2514,2340,1876,1877,1878,1879,1315,1314,854,853,852,851,360,359,358\",\"exclude\":\"\",\"columns\":4,\"fancy\":true,\"order\":\"ASC\",\"orderby\":\"post__in\",\"relation\":\"AND\",\"limit\":-1,\"mime_types\":\"application,video,text,audio,image\",\"new_window\":true,\"paginate\":true,\"post_status\":\"any\",\"post_type\":\"attachment\",\"attachment_pg\":false,\"descriptions\":false,\"skip\":0}' data-icon-width='24'>\n<div class='document-icon-row'>\n   <div class=\"document-icon\">\n      <a href=\"https:\/\/old.funproeibandes.org\/wp-content\/uploads\/2024\/03\/kipus-3-1.pdf\" target=\"_blank\">\n         <img decoding=\"async\" src=\"http:\/\/old.funproeibandes.org\/wp-content\/uploads\/2024\/03\/kipus-3-1-thumb.jpeg\" title=\"Kipus Cient\u00edficus 3\" alt=\"Kipus Cient\u00edficus 3\" data-ext=\"pdf\"\/>\n         <span class=\"title\">Kipus Cient\u00edficus 3<\/span>\n      <\/a>\n   <\/div>\n   <div class=\"document-icon\">\n      <a href=\"https:\/\/old.funproeibandes.org\/wp-content\/uploads\/2024\/03\/ESTADO-DE-SITUACION-con-tapa-1.pdf\" target=\"_blank\">\n         <img decoding=\"async\" src=\"http:\/\/old.funproeibandes.org\/wp-content\/uploads\/2024\/03\/ESTADO-DE-SITUACION-con-tapa-1-thumb.jpeg\" title=\"Estado de la situaci\u00f3n  de la Universidad Mayor de San Sim\u00f3n frente a sus desaf\u00edos acad\u00e9micos e institucionales.\" alt=\"Estado de la situaci\u00f3n  de la Universidad Mayor de San Sim\u00f3n frente a sus desaf\u00edos acad\u00e9micos e institucionales.\" data-ext=\"pdf\"\/>\n         <span class=\"title\">Estado de la situaci\u00f3n  de la Universidad Mayor de San Sim\u00f3n frente a sus desaf\u00edos acad\u00e9micos e institucionales.<\/span>\n      <\/a>\n   <\/div>\n   <div class=\"document-icon\">\n      <a href=\"https:\/\/old.funproeibandes.org\/wp-content\/uploads\/2023\/04\/Subversiones.pdf\" target=\"_blank\">\n         <img decoding=\"async\" src=\"http:\/\/old.funproeibandes.org\/wp-content\/uploads\/2023\/04\/Subversiones-thumb.jpeg\" title=\"Revista Subversiones No 9\" alt=\"Revista Subversiones No 9\" data-ext=\"pdf\"\/>\n         <span class=\"title\">Revista Subversiones No 9<\/span>\n      <\/a>\n   <\/div>\n   <div class=\"document-icon\">\n      <a href=\"https:\/\/old.funproeibandes.org\/wp-content\/uploads\/2023\/04\/Lineamientos-para-la-transformacion-academica-univ.pdf\" target=\"_blank\">\n         <img decoding=\"async\" src=\"http:\/\/old.funproeibandes.org\/wp-content\/uploads\/2023\/04\/Lineamientos-para-la-transformacion-academica-univ-thumb.jpeg\" title=\"Lineamientos para la transformacion academica universitaria. Aportes desde la Facultad de Humanidades de la UMSS\" alt=\"Lineamientos para la transformacion academica universitaria. Aportes desde la Facultad de Humanidades de la UMSS\" data-ext=\"pdf\"\/>\n         <span class=\"title\">Lineamientos para la transformacion academica universitaria. Aportes desde la Facultad de Humanidades de la UMSS<\/span>\n      <\/a>\n   <\/div>\n\n<\/div>\n<div class='document-icon-row'>\n   <div class=\"document-icon\">\n      <a href=\"https:\/\/old.funproeibandes.org\/wp-content\/uploads\/2023\/04\/Revista-kipus.pdf\" target=\"_blank\">\n         <img decoding=\"async\" src=\"http:\/\/old.funproeibandes.org\/wp-content\/uploads\/2023\/04\/Revista-kipus-thumb.jpeg\" title=\"Revista Kipus Cient\u00edficus No 2\" alt=\"Revista Kipus Cient\u00edficus No 2\" data-ext=\"pdf\"\/>\n         <span class=\"title\">Revista Kipus Cient\u00edficus No 2<\/span>\n      <\/a>\n   <\/div>\n   <div class=\"document-icon\">\n      <a href=\"https:\/\/old.funproeibandes.org\/wp-content\/uploads\/2023\/04\/Aportes-para-la-innovacion-Academica-de-la-carrera-Psicologia.pdf\" target=\"_blank\">\n         <img decoding=\"async\" src=\"http:\/\/old.funproeibandes.org\/wp-content\/uploads\/2023\/04\/Aportes-para-la-innovacion-Academica-de-la-carrera-Psicologia-thumb.jpeg\" title=\"Aportes para la innovaci\u00f3n Acad\u00e9mica de la carrera de Psicolog\u00eda de la UMSS en el siglo XXI\" alt=\"Aportes para la innovaci\u00f3n Acad\u00e9mica de la carrera de Psicolog\u00eda de la UMSS en el siglo XXI\" data-ext=\"pdf\"\/>\n         <span class=\"title\">Aportes para la innovaci\u00f3n Acad\u00e9mica de la carrera de Psicolog\u00eda de la UMSS en el siglo XXI<\/span>\n      <\/a>\n   <\/div>\n   <div class=\"document-icon\">\n      <a href=\"https:\/\/old.funproeibandes.org\/wp-content\/uploads\/2023\/01\/Fernandez-Garcia-Garces-Homenaje-a-Xavier-Albo.pdf\" target=\"_blank\">\n         <img decoding=\"async\" src=\"http:\/\/old.funproeibandes.org\/wp-content\/uploads\/2023\/01\/Fernandez-Garcia-Garces-Homenaje-a-Xavier-Albo-thumb.jpeg\" title=\"Homenaje a Xavier Alb\u00f3\" alt=\"Homenaje a Xavier Alb\u00f3\" data-ext=\"pdf\"\/>\n         <span class=\"title\">Homenaje a Xavier Alb\u00f3<\/span>\n      <\/a>\n   <\/div>\n   <div class=\"document-icon\">\n      <a href=\"https:\/\/old.funproeibandes.org\/wp-content\/uploads\/2022\/03\/Guia-para-la-presentacion-escrita-de-documentos-academicos-FHCE.pdf\" target=\"_blank\">\n         <img decoding=\"async\" src=\"http:\/\/old.funproeibandes.org\/wp-content\/uploads\/2022\/03\/Guia-para-la-presentacion-escrita-de-documentos-academicos-FHCE-thumb.jpeg\" title=\"Gu\u00eda para la presentaci\u00f3n escrita de documentos acad\u00e9micos\" alt=\"Gu\u00eda para la presentaci\u00f3n escrita de documentos acad\u00e9micos\" data-ext=\"pdf\"\/>\n         <span class=\"title\">Gu\u00eda para la presentaci\u00f3n escrita de documentos acad\u00e9micos<\/span>\n      <\/a>\n   <\/div>\n\n<\/div>\n<div class='document-icon-row'>\n   <div class=\"document-icon\">\n      <a href=\"https:\/\/old.funproeibandes.org\/wp-content\/uploads\/2022\/03\/Revista-Kipus-Cientificus-No-1.pdf\" target=\"_blank\">\n         <img decoding=\"async\" src=\"http:\/\/old.funproeibandes.org\/wp-content\/uploads\/2022\/03\/Revista-Kipus-Cientificus-No-1-thumb.jpeg\" title=\"Revista Kipus Cient\u00edficus \u00abEntrelazando ciencia\u00bb N\u00ba 1\" alt=\"Revista Kipus Cient\u00edficus \u00abEntrelazando ciencia\u00bb N\u00ba 1\" data-ext=\"pdf\"\/>\n         <span class=\"title\">Revista Kipus Cient\u00edficus \u00abEntrelazando ciencia\u00bb N\u00ba 1<\/span>\n      <\/a>\n   <\/div>\n   <div class=\"document-icon\">\n      <a href=\"https:\/\/old.funproeibandes.org\/wp-content\/uploads\/2022\/03\/REVISTA-PAGINA-Y-SIGNOS-No-16.pdf\" target=\"_blank\">\n         <img decoding=\"async\" src=\"http:\/\/old.funproeibandes.org\/wp-content\/uploads\/2022\/03\/REVISTA-PAGINA-Y-SIGNOS-No-16-thumb.jpeg\" title=\"Revista P\u00e1ginas y Signos N\u00ba 16\" alt=\"Revista P\u00e1ginas y Signos N\u00ba 16\" data-ext=\"pdf\"\/>\n         <span class=\"title\">Revista P\u00e1ginas y Signos N\u00ba 16<\/span>\n      <\/a>\n   <\/div>\n   <div class=\"document-icon\">\n      <a href=\"https:\/\/old.funproeibandes.org\/wp-content\/uploads\/2022\/03\/Revista-Subversiones-7-NRO-7.pdf\" target=\"_blank\">\n         <img decoding=\"async\" src=\"http:\/\/old.funproeibandes.org\/wp-content\/uploads\/2022\/03\/Revista-Subversiones-7-NRO-7-thumb.jpeg\" title=\"Revista de Investigaci\u00f3n &#8211; Subversi\u00f3n \u00abViolencias en Bolivia: Un an\u00e1lisis interdisciplinario\u00bb N\u00ba 7\" alt=\"Revista de Investigaci\u00f3n &#8211; Subversi\u00f3n \u00abViolencias en Bolivia: Un an\u00e1lisis interdisciplinario\u00bb N\u00ba 7\" data-ext=\"pdf\"\/>\n         <span class=\"title\">Revista de Investigaci\u00f3n &#8211; Subversi\u00f3n \u00abViolencias en Bolivia: Un an\u00e1lisis interdisciplinario\u00bb N\u00ba 7<\/span>\n      <\/a>\n   <\/div>\n   <div class=\"document-icon\">\n      <a href=\"https:\/\/old.funproeibandes.org\/wp-content\/uploads\/2021\/05\/subversiones_6.pdf\" target=\"_blank\">\n         <img decoding=\"async\" src=\"http:\/\/old.funproeibandes.org\/wp-content\/uploads\/2021\/05\/subversiones_6-thumb.jpeg\" title=\"Subversiones &#8211; Revista de investigaci\u00f3n N\u00ba 6\" alt=\"Subversiones &#8211; Revista de investigaci\u00f3n N\u00ba 6\" data-ext=\"pdf\"\/>\n         <span class=\"title\">Subversiones &#8211; Revista de investigaci\u00f3n N\u00ba 6<\/span>\n      <\/a>\n   <\/div>\n\n<\/div>\n<div class='document-icon-row'>\n   <div class=\"document-icon\">\n      <a href=\"https:\/\/old.funproeibandes.org\/wp-content\/uploads\/2021\/05\/diagnostico_humanidades_covid.pdf\" target=\"_blank\">\n         <img decoding=\"async\" src=\"http:\/\/old.funproeibandes.org\/wp-content\/uploads\/2021\/05\/diagnostico_humanidades_covid-thumb.jpeg\" title=\"Diagn\u00f3stico de la formaci\u00f3n profesional virtual de la FHCE de la UMSS en tiempos de COVID-19\" alt=\"Diagn\u00f3stico de la formaci\u00f3n profesional virtual de la FHCE de la UMSS en tiempos de COVID-19\" data-ext=\"pdf\"\/>\n         <span class=\"title\">Diagn\u00f3stico de la formaci\u00f3n profesional virtual de la FHCE de la UMSS en tiempos de COVID-19<\/span>\n      <\/a>\n   <\/div>\n   <div class=\"document-icon\">\n      <a href=\"https:\/\/old.funproeibandes.org\/wp-content\/uploads\/2020\/05\/Nuevos-escenarios.pdf\" target=\"_blank\">\n         <img decoding=\"async\" src=\"http:\/\/old.funproeibandes.org\/wp-content\/uploads\/2020\/05\/Nuevos-escenarios-thumb.jpeg\" title=\"Nuevos escenarios, nuevos desaf\u00edos: Reflexiones y propuestas para la ling\u00fc\u00edstica aplicada\" alt=\"Nuevos escenarios, nuevos desaf\u00edos: Reflexiones y propuestas para la ling\u00fc\u00edstica aplicada\" data-ext=\"pdf\"\/>\n         <span class=\"title\">Nuevos escenarios, nuevos desaf\u00edos: Reflexiones y propuestas para la ling\u00fc\u00edstica aplicada<\/span>\n      <\/a>\n   <\/div>\n   <div class=\"document-icon\">\n      <a href=\"https:\/\/old.funproeibandes.org\/wp-content\/uploads\/2020\/05\/Innovaciones-pedagogicas.pdf\" target=\"_blank\">\n         <img decoding=\"async\" src=\"http:\/\/old.funproeibandes.org\/wp-content\/uploads\/2020\/05\/Innovaciones-pedagogicas-thumb.jpeg\" title=\"Innovaciones pedag\u00f3gicas en la Educaci\u00f3n Universitaria\" alt=\"Innovaciones pedag\u00f3gicas en la Educaci\u00f3n Universitaria\" data-ext=\"pdf\"\/>\n         <span class=\"title\">Innovaciones pedag\u00f3gicas en la Educaci\u00f3n Universitaria<\/span>\n      <\/a>\n   <\/div>\n   <div class=\"document-icon\">\n      <a href=\"https:\/\/old.funproeibandes.org\/wp-content\/uploads\/2020\/05\/Formacion-y-ejercicio.pdf\" target=\"_blank\">\n         <img decoding=\"async\" src=\"http:\/\/old.funproeibandes.org\/wp-content\/uploads\/2020\/05\/Formacion-y-ejercicio-thumb.jpeg\" title=\"Formaci\u00f3n y ejercicio profesional del Licenciado en Ciencias de la Educaci\u00f3n\" alt=\"Formaci\u00f3n y ejercicio profesional del Licenciado en Ciencias de la Educaci\u00f3n\" data-ext=\"pdf\"\/>\n         <span class=\"title\">Formaci\u00f3n y ejercicio profesional del Licenciado en Ciencias de la Educaci\u00f3n<\/span>\n      <\/a>\n   <\/div>\n\n<\/div>\n<div class='document-icon-row'>\n   <div class=\"document-icon\">\n      <a href=\"https:\/\/old.funproeibandes.org\/wp-content\/uploads\/2020\/05\/Formacion-e-Investigacion.pdf\" target=\"_blank\">\n         <img decoding=\"async\" src=\"http:\/\/old.funproeibandes.org\/wp-content\/uploads\/2020\/05\/Formacion-e-Investigacion-thumb.jpeg\" title=\"Formaci\u00f3n e Investigaci\u00f3n en la Facultad de Humanidades y Ciencias de la Educaci\u00f3n de la UMSS\" alt=\"Formaci\u00f3n e Investigaci\u00f3n en la Facultad de Humanidades y Ciencias de la Educaci\u00f3n de la UMSS\" data-ext=\"pdf\"\/>\n         <span class=\"title\">Formaci\u00f3n e Investigaci\u00f3n en la Facultad de Humanidades y Ciencias de la Educaci\u00f3n de la UMSS<\/span>\n      <\/a>\n   <\/div>\n   <div class=\"document-icon\">\n      <a href=\"https:\/\/old.funproeibandes.org\/wp-content\/uploads\/2019\/01\/Situacion-Sociolinguistica-Poopo_web.pdf\" target=\"_blank\">\n         <img decoding=\"async\" src=\"http:\/\/old.funproeibandes.org\/wp-content\/uploads\/2019\/01\/Situacion-Sociolinguistica-Poopo_web-thumb.jpeg\" title=\"Situaci\u00f3n socioling\u00fc\u00edstica y propuesta de aprendizaje de la lengua Uru en el Pueblo Uru del Lago Poop\u00f3\" alt=\"Situaci\u00f3n socioling\u00fc\u00edstica y propuesta de aprendizaje de la lengua Uru en el Pueblo Uru del Lago Poop\u00f3\" data-ext=\"pdf\"\/>\n         <span class=\"title\">Situaci\u00f3n socioling\u00fc\u00edstica y propuesta de aprendizaje de la lengua Uru en el Pueblo Uru del Lago Poop\u00f3<\/span>\n      <\/a>\n   <\/div>\n   <div class=\"document-icon\">\n      <a href=\"https:\/\/old.funproeibandes.org\/wp-content\/uploads\/2019\/01\/Situacion-Sociolinguistica-Irohito_web.pdf\" target=\"_blank\">\n         <img decoding=\"async\" src=\"http:\/\/old.funproeibandes.org\/wp-content\/uploads\/2019\/01\/Situacion-Sociolinguistica-Irohito_web-thumb.jpeg\" title=\"Situaci\u00f3n socioling\u00fc\u00edstica y plan estrat\u00e9gico de recuperaci\u00f3n y desarrollo de la lengua del Pueblo Iruhito Urus\" alt=\"Situaci\u00f3n socioling\u00fc\u00edstica y plan estrat\u00e9gico de recuperaci\u00f3n y desarrollo de la lengua del Pueblo Iruhito Urus\" data-ext=\"pdf\"\/>\n         <span class=\"title\">Situaci\u00f3n socioling\u00fc\u00edstica y plan estrat\u00e9gico de recuperaci\u00f3n y desarrollo de la lengua del Pueblo Iruhito Urus<\/span>\n      <\/a>\n   <\/div>\n   <div class=\"document-icon\">\n      <a href=\"https:\/\/old.funproeibandes.org\/wp-content\/uploads\/2019\/01\/Situacion-Sociolinguistica-Chipaya_web.pdf\" target=\"_blank\">\n         <img decoding=\"async\" src=\"http:\/\/old.funproeibandes.org\/wp-content\/uploads\/2019\/01\/Situacion-Sociolinguistica-Chipaya_web-thumb.jpeg\" title=\"Situaci\u00f3n socioling\u00fc\u00edstica y propuesta de fortalecimiento de la Lengua Uru Chipaya\" alt=\"Situaci\u00f3n socioling\u00fc\u00edstica y propuesta de fortalecimiento de la Lengua Uru Chipaya\" data-ext=\"pdf\"\/>\n         <span class=\"title\">Situaci\u00f3n socioling\u00fc\u00edstica y propuesta de fortalecimiento de la Lengua Uru Chipaya<\/span>\n      <\/a>\n   <\/div>\n\n<\/div>\n<\/div>\n","protected":false},"excerpt":{"rendered":"","protected":false},"author":1,"featured_media":0,"parent":0,"menu_order":0,"comment_status":"closed","ping_status":"closed","template":"","meta":{"footnotes":"","_joinchat":[]},"_links":{"self":[{"href":"https:\/\/old.funproeibandes.org\/index.php?rest_route=\/wp\/v2\/pages\/1875"}],"collection":[{"href":"https:\/\/old.funproeibandes.org\/index.php?rest_route=\/wp\/v2\/pages"}],"about":[{"href":"https:\/\/old.funproeibandes.org\/index.php?rest_route=\/wp\/v2\/types\/page"}],"author":[{"embeddable":true,"href":"https:\/\/old.funproeibandes.org\/index.php?rest_route=\/wp\/v2\/users\/1"}],"replies":[{"embeddable":true,"href":"https:\/\/old.funproeibandes.org\/index.php?rest_route=%2Fwp%2Fv2%2Fcomments&post=1875"}],"version-history":[{"count":9,"href":"https:\/\/old.funproeibandes.org\/index.php?rest_route=\/wp\/v2\/pages\/1875\/revisions"}],"predecessor-version":[{"id":2853,"href":"https:\/\/old.funproeibandes.org\/index.php?rest_route=\/wp\/v2\/pages\/1875\/revisions\/2853"}],"wp:attachment":[{"href":"https:\/\/old.funproeibandes.org\/index.php?rest_route=%2Fwp%2Fv2%2Fmedia&parent=1875"}],"curies":[{"name":"wp","href":"https:\/\/api.w.org\/{rel}","templated":true}]}}