{"id":1815,"date":"2021-11-26T14:42:54","date_gmt":"2021-11-26T18:42:54","guid":{"rendered":"http:\/\/www.funproeibandes.org\/?page_id=1815"},"modified":"2021-11-26T14:42:54","modified_gmt":"2021-11-26T18:42:54","slug":"diagnostico-socioeducativo-y-sociolinguistico-guarani-2021","status":"publish","type":"page","link":"https:\/\/old.funproeibandes.org\/?page_id=1815","title":{"rendered":"Diagn\u00f3stico socioeducativo y socioling\u00fc\u00edstico guaran\u00ed (2021)"},"content":{"rendered":"\n<p class=\"has-text-align-center\"><strong>Objetivo<\/strong><\/p>\n\n\n\n<p align=\"justify\">Contribuir a la refundaci\u00f3n de la educaci\u00f3n guaran\u00ed, a la luz de los cambios pol\u00edticos y sociales que vive Bolivia.<\/p>\n\n\n\n<p class=\"has-text-align-center\"><strong>Actividades desarrolladas<\/strong><\/p>\n\n\n\n<p align=\"justify\">Se lleva a cabo un diagn\u00f3stico socioling\u00fc\u00edstico y socioeducativo en poblaciones guaran\u00edes en Bolivia, que recoge informaci\u00f3n de las comunidades educativas guaran\u00edes, entre madres y padres de familia, estudiantes, docentes y autoridades tradicionales y comunales de las organizaci\u00f3n matriz,  respecto a la situaci\u00f3n de la educaci\u00f3n intercultural biling\u00fce (EIB) y de la educaci\u00f3n intracultural, intercultural y pluriling\u00fce (EIIP) en el territorio guaran\u00ed durante el per\u00edodo 2010-2020; es decir, a ra\u00edz de los cambios planteados en la Ley Avelino Si\u00f1ani y Elizardo P\u00e9rez del 2010.<\/p> \n<p align=\"justify\">La investigaci\u00f3n se realiza en coordinaci\u00f3n con el Consejo Educativo de la Naci\u00f3n Originaria Guaran\u00ed (CEPOG)  y la Asamblea del Pueblo Guaran\u00ed (APG) y se lleva adelante con un equipo conformado en su totalidad por guaran\u00edes entre profesionales experimentados y j\u00f3venes y reconocidos l\u00edderes en el \u00e1mbito de la educaci\u00f3n. La labor se realiza en comunidades ubicadas en los departamentos de Santa Cruz, Chuquisaca y Tarija. \nLos resultados de este estudio constituir\u00e1n una l\u00ednea de base para la reconducci\u00f3n de la educaci\u00f3n guaran\u00ed bajo el liderazgo de sus organizaciones y en el marco de al menos tres nuevas autonom\u00edas. El estudio comprende todos los niveles educativos, desde la educaci\u00f3n inicial hasta la educaci\u00f3n universitaria, para retomar y dar continuidad a su visi\u00f3n de educaci\u00f3n propia de acuerdo con su proyecto de vida.<\/p>\n","protected":false},"excerpt":{"rendered":"<p>Objetivo Contribuir a la refundaci\u00f3n de la educaci\u00f3n guaran\u00ed, a la luz de los cambios pol\u00edticos y sociales que vive Bolivia. Actividades desarrolladas Se lleva a cabo un diagn\u00f3stico socioling\u00fc\u00edstico y socioeducativo en poblaciones guaran\u00edes en Bolivia, que recoge informaci\u00f3n de las comunidades educativas guaran\u00edes, entre madres y padres de familia, estudiantes, docentes y autoridades &hellip; <\/p>\n<p><a class=\"more-link btn\" href=\"https:\/\/old.funproeibandes.org\/?page_id=1815\">Seguir leyendo<\/a><\/p>\n","protected":false},"author":3,"featured_media":0,"parent":0,"menu_order":0,"comment_status":"closed","ping_status":"closed","template":"","meta":{"footnotes":"","_joinchat":[]},"_links":{"self":[{"href":"https:\/\/old.funproeibandes.org\/index.php?rest_route=\/wp\/v2\/pages\/1815"}],"collection":[{"href":"https:\/\/old.funproeibandes.org\/index.php?rest_route=\/wp\/v2\/pages"}],"about":[{"href":"https:\/\/old.funproeibandes.org\/index.php?rest_route=\/wp\/v2\/types\/page"}],"author":[{"embeddable":true,"href":"https:\/\/old.funproeibandes.org\/index.php?rest_route=\/wp\/v2\/users\/3"}],"replies":[{"embeddable":true,"href":"https:\/\/old.funproeibandes.org\/index.php?rest_route=%2Fwp%2Fv2%2Fcomments&post=1815"}],"version-history":[{"count":1,"href":"https:\/\/old.funproeibandes.org\/index.php?rest_route=\/wp\/v2\/pages\/1815\/revisions"}],"predecessor-version":[{"id":1816,"href":"https:\/\/old.funproeibandes.org\/index.php?rest_route=\/wp\/v2\/pages\/1815\/revisions\/1816"}],"wp:attachment":[{"href":"https:\/\/old.funproeibandes.org\/index.php?rest_route=%2Fwp%2Fv2%2Fmedia&parent=1815"}],"curies":[{"name":"wp","href":"https:\/\/api.w.org\/{rel}","templated":true}]}}