{"id":1795,"date":"2021-11-24T10:08:55","date_gmt":"2021-11-24T14:08:55","guid":{"rendered":"http:\/\/www.funproeibandes.org\/?page_id=1795"},"modified":"2021-11-26T14:22:54","modified_gmt":"2021-11-26T18:22:54","slug":"programa-tecnico-universitario-medio-en-etnoturismo-comunitario","status":"publish","type":"page","link":"https:\/\/old.funproeibandes.org\/?page_id=1795","title":{"rendered":"Programa T\u00e9cnico Universitario Medio en Etnoturismo Comunitario (2021)"},"content":{"rendered":"\n<p align=\"justify\">La segunda versi\u00f3n del Programa T\u00e9cnico Universitario Medio en Etnoturismo Comunitario tuvo una duraci\u00f3n de tres semestres, inici\u00f3 en el segundo semestre de la gesti\u00f3n 2019 y concluy\u00f3 a finales del segundo semestre de la gesti\u00f3n 2021. De los 29 estudiantes que ingresaron al Programa, 22 estudiantes egresaron con la aprobaci\u00f3n total de los 10 m\u00f3dulos del plan de estudios.<\/p>\n<p align=\"justify\">Ante la conclusi\u00f3n de actividades acad\u00e9micas de la segunda versi\u00f3n del Programa T\u00e9cnico Universitario Medio en Etnoturismo Comunitario en la gesti\u00f3n 2021, el Subproyecto 3 concentra principalmente sus actividades en el \u00e1rea de la investigaci\u00f3n, las mismas que se detallar\u00e1n en los siguientes p\u00e1rrafos.<\/p>\n\n\n\n<p class=\"has-text-align-center\"><strong>Objetivo del subproyecto<\/strong><\/p>\n\n\n\n<p align=\"justify\">Contribuir a la formaci\u00f3n de profesionales ind\u00edgenas, desde el enfoque de la gesti\u00f3n del etnoturismo comunitario, para cualificar los emprendimientos tur\u00edsticos comunitarios incipientes y mejorar sus ingresos econ\u00f3micos fortaleciendo su identidad sociocultural.<\/p>\n\n\n\n<p class=\"has-text-align-center\"><strong><strong>Actividades durante el a\u00f1o 2021<\/strong><\/strong><\/p>\n\n\n\n<p class=\"has-text-align-left\"><strong><strong>Sistematizaci\u00f3n de la segunda versi\u00f3n del Programa T\u00e9cnico Universitario Medio en Etnoturismo Comunitario<\/strong><\/strong><\/p>\n\n\n\n<p align=\"justify\">El estudio de sistematizaci\u00f3n tiene como finalidad describir c\u00f3mo fue el proceso de desarrollo de las actividades acad\u00e9micas en los semestres II\/2019, I\/2020 y II\/2020 y partir de ello, realizar recomendaciones para la mejora del mismo, como para futuros programas similares.\nLas fuentes de consulta e informaci\u00f3n del estudio de sistematizaci\u00f3n son obtenidas de los j\u00f3venes egresados de la segunda versi\u00f3n, docentes y documentos del Programa.<\/p>\n\n\n\n<p class=\"has-text-align-left\"><strong><strong>Seguimiento a egresados de la primera y segunda versi\u00f3n del Programa T\u00e9cnico Universitario Medio en Etnoturismo Comunitario<\/strong><\/strong><\/p>\n\n\n\n<p align=\"justify\">El estudio tiene como finalidad reflejar la incidencia del Programa T\u00e9cnico Universitario Medio en Etnoturismo Comunitario en los egresados de la primera y segunda versi\u00f3n a partir de los espacios laborales en los que se desenvuelven, considerando el contexto de la emergencia sanitaria por la COVID-19.\nLas fuentes de consulta e informaci\u00f3n del estudio de seguimiento son las y los egresados de la primera y segunda versi\u00f3n del Programa y en algunos casos las autoridades de la organizaci\u00f3n matriz a la que pertenecen.<\/p>\n\n\n\n<p class=\"has-text-align-left\"><strong><strong>Estudio de Oportunidades del Turismo Comunitario en el Departamento de Cochabamba<\/strong><\/strong><\/p>\n\n\n\n<p align=\"justify\">El Estudio de Oportunidades del Turismo Comunitario en el Departamento de Cochabamba busca identificar, a partir de estudios de caso, las estrategias de continuidad de la actividad tur\u00edstica en emprendimientos en tur\u00edsticos comunitarios el contexto de pos cuarentena por la pandemia de la COVID-19.\nEl estudio se realiza de manera conjunta entre la Funproeib Andes, la carrera de Turismo de la Facultad de Arquitectura y Ciencias del H\u00e1bitat y la Direcci\u00f3n de Interacci\u00f3n Social Universitaria de la Universidad Mayor de San Sim\u00f3n.<\/p>\n\n\n\n<p class=\"has-text-align-left\"><strong><strong>Fondo de apoyo econ\u00f3mico y t\u00e9cnico a emprendimientos en turismo comunitario de cuatro egresados de la primera y segunda versi\u00f3n del Programa T\u00e9cnico Universitario Medio en Etnoturismo Comunitario<\/strong><\/strong><\/p>\n\n\n\n<p align=\"justify\">Con la intenci\u00f3n de apoyar las iniciativas de inicio y consolidaci\u00f3n de los emprendimientos en turismo comunitario de los egresados del Programa T\u00e9cnico Universitario Medio en Etnoturismo Comunitario, la Funproeib Andes crea un fondo econ\u00f3mico y de apoyo t\u00e9cnico a cuatro emprendimientos en curso, los cuales son:<\/p>\n\n<p align=\"justify\"><strong>a)<\/strong> Reconstrucci\u00f3n del atractivo Molino de Piedra en la comunidad de Inkallajta Bajo en el departamento de Cochabamba.<\/p>\n<p align=\"justify\"><strong>b)<\/strong> Conclusi\u00f3n de la infraestructura y equipamiento del Museo de aves de la comunidad uru Pu\u00f1aca Tinta Mar\u00eda en el departamento de Oruro.<\/p>\n<p align=\"justify\"><strong>c)<\/strong> Equipamiento del emprendimiento Gallito de la Roca de la comunidad Eduardo Abaroa en el departamento de La Paz.<\/p>\n<p align=\"justify\"><strong>d)<\/strong> Construcci\u00f3n y adquisici\u00f3n de instrumentos musicales para el Centro Cultural Toca\u00f1a y apoyo a su museo comunitario afroboliviano, en el departamento de La Paz.<\/p>\n","protected":false},"excerpt":{"rendered":"<p>La segunda versi\u00f3n del Programa T\u00e9cnico Universitario Medio en Etnoturismo Comunitario tuvo una duraci\u00f3n de tres semestres, inici\u00f3 en el segundo semestre de la gesti\u00f3n 2019 y concluy\u00f3 a finales del segundo semestre de la gesti\u00f3n 2021. De los 29 estudiantes que ingresaron al Programa, 22 estudiantes egresaron con la aprobaci\u00f3n total de los 10 &hellip; <\/p>\n<p><a class=\"more-link btn\" href=\"https:\/\/old.funproeibandes.org\/?page_id=1795\">Seguir leyendo<\/a><\/p>\n","protected":false},"author":3,"featured_media":0,"parent":0,"menu_order":0,"comment_status":"closed","ping_status":"closed","template":"","meta":{"footnotes":"","_joinchat":[]},"_links":{"self":[{"href":"https:\/\/old.funproeibandes.org\/index.php?rest_route=\/wp\/v2\/pages\/1795"}],"collection":[{"href":"https:\/\/old.funproeibandes.org\/index.php?rest_route=\/wp\/v2\/pages"}],"about":[{"href":"https:\/\/old.funproeibandes.org\/index.php?rest_route=\/wp\/v2\/types\/page"}],"author":[{"embeddable":true,"href":"https:\/\/old.funproeibandes.org\/index.php?rest_route=\/wp\/v2\/users\/3"}],"replies":[{"embeddable":true,"href":"https:\/\/old.funproeibandes.org\/index.php?rest_route=%2Fwp%2Fv2%2Fcomments&post=1795"}],"version-history":[{"count":2,"href":"https:\/\/old.funproeibandes.org\/index.php?rest_route=\/wp\/v2\/pages\/1795\/revisions"}],"predecessor-version":[{"id":1813,"href":"https:\/\/old.funproeibandes.org\/index.php?rest_route=\/wp\/v2\/pages\/1795\/revisions\/1813"}],"wp:attachment":[{"href":"https:\/\/old.funproeibandes.org\/index.php?rest_route=%2Fwp%2Fv2%2Fmedia&parent=1795"}],"curies":[{"name":"wp","href":"https:\/\/api.w.org\/{rel}","templated":true}]}}