{"id":16,"date":"2018-06-27T20:12:18","date_gmt":"2018-06-27T20:12:18","guid":{"rendered":"http:\/\/www.funproeibandes.org\/?page_id=16"},"modified":"2023-04-25T15:18:38","modified_gmt":"2023-04-25T19:18:38","slug":"contacto","status":"publish","type":"page","link":"https:\/\/old.funproeibandes.org\/?page_id=16","title":{"rendered":"Contacto"},"content":{"rendered":"\n<p>Si usted o su instituci\u00f3n tiene inter\u00e9s en formar parte de <strong>FUNPROEIB Andes<\/strong>, cont\u00e1ctese con nosotros:<\/p>\n\n\n\n<p><strong>Nombre de contacto:<\/strong> Lic. Justa Nohemi Mengoa Panclas<br><strong>E- mail:<\/strong> <a href=\"mailto:fundacion@funproeibandes.org\">fundacion@funproeibandes.org<\/a><br><strong>Tel\u00e9fonos:<\/strong> (591-4) 4530037 \/ 77940510<br><strong>Fax:<\/strong> (591-4) 4530037<br>Cochabamba- Bolivia<\/p>\n\n\n\n<h4 class=\"wp-block-heading\">Direcci\u00f3n de nuestra instituci\u00f3n<\/h4>\n\n\n\n<p>Calle N\u00e9stor Morales N\u00ba 947<br>(entre Av. Aniceto Arce y Av. Ram\u00f3n Rivero &#8211; Zona Muyurina)<br>Edificio Jade 2\u00ba piso<br>Cochabamba- Bolivia<\/p>\n\n\n\n<iframe src=\"https:\/\/www.google.com\/maps\/embed?pb=!1m18!1m12!1m3!1d3807.6516321238323!2d-66.14945111361385!3d-17.380488321462426!2m3!1f0!2f0!3f0!3m2!1i1024!2i768!4f13.1!3m3!1m2!1s0x93e375ad683af609%3A0x5ce2fb444efb54e6!2sFUNPROEIB!5e0!3m2!1ses!2sbo!4v1682449830026!5m2!1ses!2sbo\" width=\"600\" height=\"450\" style=\"border:0;\" allowfullscreen=\"\" loading=\"lazy\" referrerpolicy=\"no-referrer-when-downgrade\"><\/iframe>\n","protected":false},"excerpt":{"rendered":"<p>Si usted o su instituci\u00f3n tiene inter\u00e9s en formar parte de FUNPROEIB Andes, cont\u00e1ctese con nosotros: Nombre de contacto: Lic. Justa Nohemi Mengoa PanclasE- mail: fundacion@funproeibandes.orgTel\u00e9fonos: (591-4) 4530037 \/ 77940510Fax: (591-4) 4530037Cochabamba- Bolivia Direcci\u00f3n de nuestra instituci\u00f3n Calle N\u00e9stor Morales N\u00ba 947(entre Av. Aniceto Arce y Av. Ram\u00f3n Rivero &#8211; Zona Muyurina)Edificio Jade 2\u00ba pisoCochabamba- &hellip; <\/p>\n<p><a class=\"more-link btn\" href=\"https:\/\/old.funproeibandes.org\/?page_id=16\">Seguir leyendo<\/a><\/p>\n","protected":false},"author":1,"featured_media":0,"parent":0,"menu_order":0,"comment_status":"closed","ping_status":"closed","template":"","meta":{"footnotes":"","_joinchat":[]},"_links":{"self":[{"href":"https:\/\/old.funproeibandes.org\/index.php?rest_route=\/wp\/v2\/pages\/16"}],"collection":[{"href":"https:\/\/old.funproeibandes.org\/index.php?rest_route=\/wp\/v2\/pages"}],"about":[{"href":"https:\/\/old.funproeibandes.org\/index.php?rest_route=\/wp\/v2\/types\/page"}],"author":[{"embeddable":true,"href":"https:\/\/old.funproeibandes.org\/index.php?rest_route=\/wp\/v2\/users\/1"}],"replies":[{"embeddable":true,"href":"https:\/\/old.funproeibandes.org\/index.php?rest_route=%2Fwp%2Fv2%2Fcomments&post=16"}],"version-history":[{"count":11,"href":"https:\/\/old.funproeibandes.org\/index.php?rest_route=\/wp\/v2\/pages\/16\/revisions"}],"predecessor-version":[{"id":2589,"href":"https:\/\/old.funproeibandes.org\/index.php?rest_route=\/wp\/v2\/pages\/16\/revisions\/2589"}],"wp:attachment":[{"href":"https:\/\/old.funproeibandes.org\/index.php?rest_route=%2Fwp%2Fv2%2Fmedia&parent=16"}],"curies":[{"name":"wp","href":"https:\/\/api.w.org\/{rel}","templated":true}]}}