{"id":1532,"date":"2021-08-29T00:10:48","date_gmt":"2021-08-29T04:10:48","guid":{"rendered":"http:\/\/www.funproeibandes.org\/?page_id=1532"},"modified":"2021-09-23T15:21:01","modified_gmt":"2021-09-23T19:21:01","slug":"diplomado-en-culturas-y-lenguas-2021","status":"publish","type":"page","link":"https:\/\/old.funproeibandes.org\/?page_id=1532","title":{"rendered":"Diplomado en Culturas y Lenguas (2021)"},"content":{"rendered":"\n<p align=\"justify\">El Diplomado en Culturas y Lenguas tiene sus antecedentes en el Diplomado de formaci\u00f3n de investigadores y emprendedores ind\u00edgenas para la revitalizaci\u00f3n cultural y ling\u00fc\u00edstica. Este diplomado es implementado por la Fundaci\u00f3n para la Educaci\u00f3n en Contextos de Multiling\u00fcismo y Pluriculturalidad (Funproeib Andes), en coordinaci\u00f3n con el Departamento de Posgrado de la Facultad de Humanidades y Ciencias de la Educaci\u00f3n de la Universidad Mayor de San Sim\u00f3n en Cochabamba, Bolivia.<\/p> \n<p align=\"justify\"><strong>Objetivo del subproyecto<\/strong><\/p> \n<p align=\"justify\">Formar j\u00f3venes ind\u00edgenas y no ind\u00edgenas para que asuman la defensa de los idiomas originarios y se conviertan en agentes de cambio en los procesos sociocomunitarios, gestionando un compromiso para con sus lenguas y, de esta manera, se comprometan a revertir el desplazamiento ling\u00fc\u00edstico y cultural en curso.<\/p> \n<p align=\"justify\"><strong>Actividades durante el a\u00f1o<\/strong><\/p>\n<p align=\"justify\">La tercera versi\u00f3n del Diplomado en Culturas y Lenguas empez\u00f3 sus actividades el mes de abril y se prev\u00e9 su conclusi\u00f3n para la primera semana de diciembre. El Diplomado se divide en 7 m\u00f3dulos y, al igual que la versi\u00f3n anterior, las clases se desarrollan de manera virtual a trav\u00e9s de la plataforma Moodle y Zoom. En esta versi\u00f3n cuenta con la participaci\u00f3n de 30 estudiantes, entre estudiantes de pregrado que optan por el diplomado como modalidad de titulaci\u00f3n y profesionales de diversas \u00e1reas.<\/p>\n\n\n\n<div class=\"wp-block-image\"><figure class=\"aligncenter size-large is-resized\"><img loading=\"lazy\" decoding=\"async\" src=\"http:\/\/www.funproeibandes.org\/wp-content\/uploads\/2021\/09\/sub4_2021-4-1024x668.jpg\" alt=\"\" class=\"wp-image-1611\" width=\"512\" height=\"334\" srcset=\"https:\/\/old.funproeibandes.org\/wp-content\/uploads\/2021\/09\/sub4_2021-4-1024x668.jpg 1024w, https:\/\/old.funproeibandes.org\/wp-content\/uploads\/2021\/09\/sub4_2021-4-300x196.jpg 300w, https:\/\/old.funproeibandes.org\/wp-content\/uploads\/2021\/09\/sub4_2021-4-768x501.jpg 768w, https:\/\/old.funproeibandes.org\/wp-content\/uploads\/2021\/09\/sub4_2021-4-750x489.jpg 750w, https:\/\/old.funproeibandes.org\/wp-content\/uploads\/2021\/09\/sub4_2021-4.jpg 1486w\" sizes=\"(max-width: 512px) 100vw, 512px\" \/><\/figure><\/div>\n\n\n\n<p align=\"justify\">Se han realizado un ciclos de conversatorios internos sobre Experiencias nacionales e internacionales de revitalizaci\u00f3n ling\u00fc\u00edstica y cultural. Este evento se ha dividido en tres jornadas, contando con expositores de Bolivia, Ecuador y Chile. Estas experiencias han animado bastante a los estudiantes, pues muchos han comprendido que pueden aportar mucho desde sus profesiones para trabajar por la lengua y los hablantes.<\/p>\n","protected":false},"excerpt":{"rendered":"<p>El Diplomado en Culturas y Lenguas tiene sus antecedentes en el Diplomado de formaci\u00f3n de investigadores y emprendedores ind\u00edgenas para la revitalizaci\u00f3n cultural y ling\u00fc\u00edstica. Este diplomado es implementado por la Fundaci\u00f3n para la Educaci\u00f3n en Contextos de Multiling\u00fcismo y Pluriculturalidad (Funproeib Andes), en coordinaci\u00f3n con el Departamento de Posgrado de la Facultad de Humanidades &hellip; <\/p>\n<p><a class=\"more-link btn\" href=\"https:\/\/old.funproeibandes.org\/?page_id=1532\">Seguir leyendo<\/a><\/p>\n","protected":false},"author":3,"featured_media":0,"parent":0,"menu_order":0,"comment_status":"closed","ping_status":"closed","template":"","meta":{"footnotes":"","_joinchat":[]},"_links":{"self":[{"href":"https:\/\/old.funproeibandes.org\/index.php?rest_route=\/wp\/v2\/pages\/1532"}],"collection":[{"href":"https:\/\/old.funproeibandes.org\/index.php?rest_route=\/wp\/v2\/pages"}],"about":[{"href":"https:\/\/old.funproeibandes.org\/index.php?rest_route=\/wp\/v2\/types\/page"}],"author":[{"embeddable":true,"href":"https:\/\/old.funproeibandes.org\/index.php?rest_route=\/wp\/v2\/users\/3"}],"replies":[{"embeddable":true,"href":"https:\/\/old.funproeibandes.org\/index.php?rest_route=%2Fwp%2Fv2%2Fcomments&post=1532"}],"version-history":[{"count":2,"href":"https:\/\/old.funproeibandes.org\/index.php?rest_route=\/wp\/v2\/pages\/1532\/revisions"}],"predecessor-version":[{"id":1612,"href":"https:\/\/old.funproeibandes.org\/index.php?rest_route=\/wp\/v2\/pages\/1532\/revisions\/1612"}],"wp:attachment":[{"href":"https:\/\/old.funproeibandes.org\/index.php?rest_route=%2Fwp%2Fv2%2Fmedia&parent=1532"}],"curies":[{"name":"wp","href":"https:\/\/api.w.org\/{rel}","templated":true}]}}