{"id":1515,"date":"2021-08-28T20:37:43","date_gmt":"2021-08-29T00:37:43","guid":{"rendered":"http:\/\/www.funproeibandes.org\/?page_id=1515"},"modified":"2021-08-28T20:37:44","modified_gmt":"2021-08-29T00:37:44","slug":"investigaciones-sobre-educacion-superior-intercultural-culturas-y-lenguas-indigenas-en-bolivia-2020","status":"publish","type":"page","link":"https:\/\/old.funproeibandes.org\/?page_id=1515","title":{"rendered":"Investigaciones sobre educaci\u00f3n superior intercultural, culturas y lenguas ind\u00edgenas en Bolivia (2020)"},"content":{"rendered":"\n<p align=\"justify\">El subproyecto 1 tiene por objetivo: Contribuir a la construcci\u00f3n de la educaci\u00f3n superior intercultural mediante pasant\u00edas e investigaciones emp\u00edricas y comparadas sobre culturas y lenguas ind\u00edgenas.<\/p> \n<p align=\"justify\">Para esto se realizaron las siguientes actividades:<\/p> \n<p align=\"justify\">Se formaron a 25 docentes y profesionales en el Diplomado en Investigaci\u00f3n y Tutor\u00eda de Tesis en su 2.a versi\u00f3n. El objetivo del mismo fue proporcionar instrumentos de investigaci\u00f3n a partir de los cuales se pueda formar y tutorear trabajos de investigaci\u00f3n de estudiantes de pregrado.<\/p>\n<p align=\"justify\">De igual manera, se form\u00f3 a 30 j\u00f3venes estudiantes de la UMSS sobre identidad, interculturalidad, g\u00e9nero y ciudadan\u00eda a trav\u00e9s de un curso corto titulado Autorretrato de la identidad, la ciudadan\u00eda y la interculturalidad. El objetivo del mismo fue, desarrollar las capacidades cr\u00edticas de los participantes a partir de pr\u00e1cticas introspectivas, lo que se logr\u00f3 a trav\u00e9s de lenguajes visuales y escritos.<\/p>\n<p align=\"justify\">Por otra parte, se realiz\u00f3 el seminario internacional virtual. Inclusiones y exclusiones educativas: La educaci\u00f3n virtual y el r\u00e9gimen de cuarentena en Am\u00e9rica latina. En este participaron ponentes de Per\u00fa, Guatemala, M\u00e9xico, Ecuador y Bolivia. El objetivo del mismo fue intercambiar experiencias de implementaci\u00f3n de la educaci\u00f3n virtual a consecuencia de la suspensi\u00f3n de las clases presenciales.<\/p>\n<p align=\"justify\">Se apoy\u00f3 a la conclusi\u00f3n de 4 tesis de pregrado de la licenciatura especial en Educaci\u00f3n Intercultural Biling\u00fce de la UMSS, el objetivo de la misma fue coadyuvar en el apoyo t\u00e9cnico y econ\u00f3mico para la redacci\u00f3n y defensa del documento de tesis.<\/p>\n<p align=\"justify\">En el marco de las investigaciones realizadas, se llev\u00f3 adelante una investigaci\u00f3n sobre las nuevas formas de comprensi\u00f3n de la ciudadan\u00eda por los j\u00f3venes cochabambinos, resultado de los conflictos sociales de octubre y noviembre de 2019.<\/p>\n","protected":false},"excerpt":{"rendered":"<p>El subproyecto 1 tiene por objetivo: Contribuir a la construcci\u00f3n de la educaci\u00f3n superior intercultural mediante pasant\u00edas e investigaciones emp\u00edricas y comparadas sobre culturas y lenguas ind\u00edgenas. Para esto se realizaron las siguientes actividades: Se formaron a 25 docentes y profesionales en el Diplomado en Investigaci\u00f3n y Tutor\u00eda de Tesis en su 2.a versi\u00f3n. El &hellip; <\/p>\n<p><a class=\"more-link btn\" href=\"https:\/\/old.funproeibandes.org\/?page_id=1515\">Seguir leyendo<\/a><\/p>\n","protected":false},"author":3,"featured_media":0,"parent":0,"menu_order":0,"comment_status":"closed","ping_status":"closed","template":"","meta":{"footnotes":"","_joinchat":[]},"_links":{"self":[{"href":"https:\/\/old.funproeibandes.org\/index.php?rest_route=\/wp\/v2\/pages\/1515"}],"collection":[{"href":"https:\/\/old.funproeibandes.org\/index.php?rest_route=\/wp\/v2\/pages"}],"about":[{"href":"https:\/\/old.funproeibandes.org\/index.php?rest_route=\/wp\/v2\/types\/page"}],"author":[{"embeddable":true,"href":"https:\/\/old.funproeibandes.org\/index.php?rest_route=\/wp\/v2\/users\/3"}],"replies":[{"embeddable":true,"href":"https:\/\/old.funproeibandes.org\/index.php?rest_route=%2Fwp%2Fv2%2Fcomments&post=1515"}],"version-history":[{"count":2,"href":"https:\/\/old.funproeibandes.org\/index.php?rest_route=\/wp\/v2\/pages\/1515\/revisions"}],"predecessor-version":[{"id":1517,"href":"https:\/\/old.funproeibandes.org\/index.php?rest_route=\/wp\/v2\/pages\/1515\/revisions\/1517"}],"wp:attachment":[{"href":"https:\/\/old.funproeibandes.org\/index.php?rest_route=%2Fwp%2Fv2%2Fmedia&parent=1515"}],"curies":[{"name":"wp","href":"https:\/\/api.w.org\/{rel}","templated":true}]}}