{"id":1484,"date":"2021-08-26T14:25:40","date_gmt":"2021-08-26T18:25:40","guid":{"rendered":"http:\/\/www.funproeibandes.org\/?page_id=1484"},"modified":"2023-10-19T15:19:20","modified_gmt":"2023-10-19T19:19:20","slug":"textos-ensenanza-aprendizaje","status":"publish","type":"page","link":"https:\/\/old.funproeibandes.org\/?page_id=1484","title":{"rendered":"Textos ense\u00f1anza &#8211; aprendizaje"},"content":{"rendered":"\n<!-- Generado usando Document Gallery. Obtenga el suyo aqu\u00ed:http:\/\/wordpress.org\/extend\/plugins\/document-gallery -->\n<div id=\"document-gallery-1\" class=\"document-gallery dg-paginate-wrapper\" data-shortcode='{\"id\":1484,\"include\":\"1334,1333,1332,1331,1330,1329,1328,1327,1326,1325,481,371,324,304,303,323,322,317,318,294,289,1684,1685,1686,1687,1688,1689,1683,279,280,281,285,286,302,2800\",\"exclude\":\"\",\"columns\":5,\"fancy\":true,\"order\":\"ASC\",\"orderby\":\"post__in\",\"relation\":\"AND\",\"limit\":10,\"mime_types\":\"application,video,text,audio,image\",\"new_window\":true,\"paginate\":true,\"post_status\":\"any\",\"post_type\":\"attachment\",\"attachment_pg\":false,\"descriptions\":false,\"skip\":0}' data-icon-width='19'>\n<div class='document-icon-row'>\n   <div class=\"document-icon\">\n      <a href=\"https:\/\/old.funproeibandes.org\/wp-content\/uploads\/2021\/06\/1.-Competencias-instrumentales-.pdf\" target=\"_blank\">\n         <img decoding=\"async\" src=\"http:\/\/old.funproeibandes.org\/wp-content\/uploads\/2021\/06\/1-Competencias-instrumentales-thumb.jpeg\" title=\"1. Competencias instrumentales\" alt=\"1. Competencias instrumentales\" data-ext=\"pdf\"\/>\n         <span class=\"title\">1. Competencias instrumentales<\/span>\n      <\/a>\n   <\/div>\n   <div class=\"document-icon\">\n      <a href=\"https:\/\/old.funproeibandes.org\/wp-content\/uploads\/2021\/06\/2.-Historia-y-marco-teorico-del-turismo-en-Bolivia.pdf\" target=\"_blank\">\n         <img decoding=\"async\" src=\"http:\/\/old.funproeibandes.org\/wp-content\/uploads\/2021\/06\/2-Historia-y-marco-teorico-del-turismo-en-Bolivia-thumb.jpeg\" title=\"2. Historia y marco te\u00f3rico del turismo en Bolivia\" alt=\"2. Historia y marco te\u00f3rico del turismo en Bolivia\" data-ext=\"pdf\"\/>\n         <span class=\"title\">2. Historia y marco te\u00f3rico del turismo en Bolivia<\/span>\n      <\/a>\n   <\/div>\n   <div class=\"document-icon\">\n      <a href=\"https:\/\/old.funproeibandes.org\/wp-content\/uploads\/2021\/06\/3.-Hoteleria-y-gastronomia-turistica-comunitaria.pdf\" target=\"_blank\">\n         <img decoding=\"async\" src=\"http:\/\/old.funproeibandes.org\/wp-content\/uploads\/2021\/06\/3-Hoteleria-y-gastronomia-turistica-comunitaria-thumb.jpeg\" title=\"3. Hoteler\u00eda y gastronom\u00eda tur\u00edstica comunitaria\" alt=\"3. Hoteler\u00eda y gastronom\u00eda tur\u00edstica comunitaria\" data-ext=\"pdf\"\/>\n         <span class=\"title\">3. Hoteler\u00eda y gastronom\u00eda tur\u00edstica comunitaria<\/span>\n      <\/a>\n   <\/div>\n   <div class=\"document-icon\">\n      <a href=\"https:\/\/old.funproeibandes.org\/wp-content\/uploads\/2021\/06\/4.-Administracion-turistica.pdf\" target=\"_blank\">\n         <img decoding=\"async\" src=\"http:\/\/old.funproeibandes.org\/wp-content\/uploads\/2021\/06\/4-Administracion-turistica-thumb.jpeg\" title=\"4. Administraci\u00f3n tur\u00edstica\" alt=\"4. Administraci\u00f3n tur\u00edstica\" data-ext=\"pdf\"\/>\n         <span class=\"title\">4. Administraci\u00f3n tur\u00edstica<\/span>\n      <\/a>\n   <\/div>\n   <div class=\"document-icon\">\n      <a href=\"https:\/\/old.funproeibandes.org\/wp-content\/uploads\/2021\/06\/5.-Circuitos-y-guia-turistica.pdf\" target=\"_blank\">\n         <img decoding=\"async\" src=\"http:\/\/old.funproeibandes.org\/wp-content\/uploads\/2021\/06\/5-Circuitos-y-guia-turistica-thumb-1.jpeg\" title=\"5. Circuitos y gu\u00eda tur\u00edstica\" alt=\"5. Circuitos y gu\u00eda tur\u00edstica\" data-ext=\"pdf\"\/>\n         <span class=\"title\">5. Circuitos y gu\u00eda tur\u00edstica<\/span>\n      <\/a>\n   <\/div>\n\n<\/div>\n<div class='document-icon-row'>\n   <div class=\"document-icon\">\n      <a href=\"https:\/\/old.funproeibandes.org\/wp-content\/uploads\/2021\/06\/Diagnostico-para-proyectos-turisticos.pdf\" target=\"_blank\">\n         <img decoding=\"async\" src=\"http:\/\/old.funproeibandes.org\/wp-content\/uploads\/2021\/06\/Diagnostico-para-proyectos-turisticos-thumb.jpeg\" title=\"6. Diagn\u00f3stico para proyectos tur\u00edsticos\" alt=\"6. Diagn\u00f3stico para proyectos tur\u00edsticos\" data-ext=\"pdf\"\/>\n         <span class=\"title\">6. Diagn\u00f3stico para proyectos tur\u00edsticos<\/span>\n      <\/a>\n   <\/div>\n   <div class=\"document-icon\">\n      <a href=\"https:\/\/old.funproeibandes.org\/wp-content\/uploads\/2021\/06\/7.-Patrimonio-y-museologia.pdf\" target=\"_blank\">\n         <img decoding=\"async\" src=\"http:\/\/old.funproeibandes.org\/wp-content\/uploads\/2021\/06\/7-Patrimonio-y-museologia-thumb.jpeg\" title=\"7. Patrimonio y museolog\u00eda\" alt=\"7. Patrimonio y museolog\u00eda\" data-ext=\"pdf\"\/>\n         <span class=\"title\">7. Patrimonio y museolog\u00eda<\/span>\n      <\/a>\n   <\/div>\n   <div class=\"document-icon\">\n      <a href=\"https:\/\/old.funproeibandes.org\/wp-content\/uploads\/2021\/06\/8.-Elaboracion-de-proyectos-turisticos.pdf\" target=\"_blank\">\n         <img decoding=\"async\" src=\"http:\/\/old.funproeibandes.org\/wp-content\/uploads\/2021\/06\/8-Elaboracion-de-proyectos-turisticos-thumb.jpeg\" title=\"8. Elaboraci\u00f3n de proyectos tur\u00edsticos\" alt=\"8. Elaboraci\u00f3n de proyectos tur\u00edsticos\" data-ext=\"pdf\"\/>\n         <span class=\"title\">8. Elaboraci\u00f3n de proyectos tur\u00edsticos<\/span>\n      <\/a>\n   <\/div>\n   <div class=\"document-icon\">\n      <a href=\"https:\/\/old.funproeibandes.org\/wp-content\/uploads\/2021\/06\/9.-LEGISLACION_TURISTICA_BOLIVIA.pdf\" target=\"_blank\">\n         <img decoding=\"async\" src=\"http:\/\/old.funproeibandes.org\/wp-content\/uploads\/2021\/06\/9-LEGISLACION_TURISTICA_BOLIVIA-thumb.jpeg\" title=\"9. Legislaci\u00f3n tur\u00edstica en Bolivia\" alt=\"9. Legislaci\u00f3n tur\u00edstica en Bolivia\" data-ext=\"pdf\"\/>\n         <span class=\"title\">9. Legislaci\u00f3n tur\u00edstica en Bolivia<\/span>\n      <\/a>\n   <\/div>\n   <div class=\"document-icon\">\n      <a href=\"https:\/\/old.funproeibandes.org\/wp-content\/uploads\/2021\/06\/Pueblos-culturas-y-lenguas-indigenas-en-el-turismo.pdf\" target=\"_blank\">\n         <img decoding=\"async\" src=\"http:\/\/old.funproeibandes.org\/wp-content\/uploads\/2021\/06\/Pueblos-culturas-y-lenguas-indigenas-en-el-turismo-thumb.jpeg\" title=\"10. Pueblos, culturas y lenguas ind\u00edgenas en el turismo\" alt=\"10. Pueblos, culturas y lenguas ind\u00edgenas en el turismo\" data-ext=\"pdf\"\/>\n         <span class=\"title\">10. Pueblos, culturas y lenguas ind\u00edgenas en el turismo<\/span>\n      <\/a>\n   <\/div>\n\n<\/div>\n<div class=\"paginate\"><span aria-current=\"page\" class=\"page-numbers current\">1<\/span>\n<a class=\"page-numbers\" href=\"?rest_route=%2Fwp%2Fv2%2Fpages%2F1484#dg_page=2\">2<\/a>\n<a class=\"page-numbers\" href=\"?rest_route=%2Fwp%2Fv2%2Fpages%2F1484#dg_page=3\">3<\/a>\n<a class=\"page-numbers\" href=\"?rest_route=%2Fwp%2Fv2%2Fpages%2F1484#dg_page=4\">4<\/a>\n<a class=\"next page-numbers\" href=\"?rest_route=%2Fwp%2Fv2%2Fpages%2F1484#dg_page=2\">&raquo;<\/a><\/div><\/div>\n","protected":false},"excerpt":{"rendered":"","protected":false},"author":3,"featured_media":0,"parent":0,"menu_order":0,"comment_status":"closed","ping_status":"closed","template":"","meta":{"footnotes":"","_joinchat":[]},"_links":{"self":[{"href":"https:\/\/old.funproeibandes.org\/index.php?rest_route=\/wp\/v2\/pages\/1484"}],"collection":[{"href":"https:\/\/old.funproeibandes.org\/index.php?rest_route=\/wp\/v2\/pages"}],"about":[{"href":"https:\/\/old.funproeibandes.org\/index.php?rest_route=\/wp\/v2\/types\/page"}],"author":[{"embeddable":true,"href":"https:\/\/old.funproeibandes.org\/index.php?rest_route=\/wp\/v2\/users\/3"}],"replies":[{"embeddable":true,"href":"https:\/\/old.funproeibandes.org\/index.php?rest_route=%2Fwp%2Fv2%2Fcomments&post=1484"}],"version-history":[{"count":7,"href":"https:\/\/old.funproeibandes.org\/index.php?rest_route=\/wp\/v2\/pages\/1484\/revisions"}],"predecessor-version":[{"id":2801,"href":"https:\/\/old.funproeibandes.org\/index.php?rest_route=\/wp\/v2\/pages\/1484\/revisions\/2801"}],"wp:attachment":[{"href":"https:\/\/old.funproeibandes.org\/index.php?rest_route=%2Fwp%2Fv2%2Fmedia&parent=1484"}],"curies":[{"name":"wp","href":"https:\/\/api.w.org\/{rel}","templated":true}]}}