{"id":1462,"date":"2021-08-20T14:41:56","date_gmt":"2021-08-20T18:41:56","guid":{"rendered":"http:\/\/www.funproeibandes.org\/?page_id=1462"},"modified":"2021-08-26T14:26:35","modified_gmt":"2021-08-26T18:26:35","slug":"cartillas","status":"publish","type":"page","link":"https:\/\/old.funproeibandes.org\/?page_id=1462","title":{"rendered":"Cartillas"},"content":{"rendered":"\n<!-- Generado usando Document Gallery. Obtenga el suyo aqu\u00ed:http:\/\/wordpress.org\/extend\/plugins\/document-gallery -->\n<div id=\"document-gallery-1\" class=\"document-gallery dg-paginate-wrapper\" data-shortcode='{\"id\":1462,\"include\":\"959,496,495,478,476,367,348,341,340,313,312,311,310,309,308\",\"exclude\":\"\",\"columns\":5,\"fancy\":true,\"order\":\"ASC\",\"orderby\":\"post__in\",\"relation\":\"AND\",\"limit\":10,\"mime_types\":\"application,video,text,audio,image\",\"new_window\":true,\"paginate\":true,\"post_status\":\"any\",\"post_type\":\"attachment\",\"attachment_pg\":false,\"descriptions\":false,\"skip\":0}' data-icon-width='19'>\n<div class='document-icon-row'>\n   <div class=\"document-icon\">\n      <a href=\"https:\/\/old.funproeibandes.org\/wp-content\/uploads\/2020\/09\/Cartilla-aguas-urus.pdf\" target=\"_blank\">\n         <img decoding=\"async\" src=\"http:\/\/old.funproeibandes.org\/wp-content\/uploads\/2020\/09\/Cartilla-aguas-urus-thumb.jpeg\" title=\"Nuestros saberes y conocimientos Urus de las aguas\" alt=\"Nuestros saberes y conocimientos Urus de las aguas\" data-ext=\"pdf\"\/>\n         <span class=\"title\">Nuestros saberes y conocimientos Urus de las aguas<\/span>\n      <\/a>\n   <\/div>\n   <div class=\"document-icon\">\n      <a href=\"https:\/\/old.funproeibandes.org\/wp-content\/uploads\/2019\/02\/Cartilla-NOU-y-CENU-ok.pdf\" target=\"_blank\">\n         <img decoding=\"async\" src=\"http:\/\/old.funproeibandes.org\/wp-content\/uploads\/2019\/02\/Cartilla-NOU-y-CENU-ok-thumb.jpeg\" title=\"Fortaleciendo la unidad de la Naci\u00f3n Uru y la participaci\u00f3n social Uru en la educaci\u00f3n: Cartilla sobre la Nci\u00f3n Originaria Uru y el Consejo Educativo de la Naci\u00f3n Uru\" alt=\"Fortaleciendo la unidad de la Naci\u00f3n Uru y la participaci\u00f3n social Uru en la educaci\u00f3n: Cartilla sobre la Nci\u00f3n Originaria Uru y el Consejo Educativo de la Naci\u00f3n Uru\" data-ext=\"pdf\"\/>\n         <span class=\"title\">Fortaleciendo la unidad de la Naci\u00f3n Uru y la participaci\u00f3n social Uru en la educaci\u00f3n: Cartilla sobre la Nci\u00f3n Originaria Uru y el Consejo Educativo de la Naci\u00f3n Uru<\/span>\n      <\/a>\n   <\/div>\n   <div class=\"document-icon\">\n      <a href=\"https:\/\/old.funproeibandes.org\/wp-content\/uploads\/2019\/02\/Cartilla-Vestimenta-FUNPROEIB-1011.pdf\" target=\"_blank\">\n         <img decoding=\"async\" src=\"http:\/\/old.funproeibandes.org\/wp-content\/uploads\/2019\/02\/Cartilla-Vestimenta-FUNPROEIB-1011-thumb.jpeg\" title=\"Mi vestimenta es mi cultura Uru\" alt=\"Mi vestimenta es mi cultura Uru\" data-ext=\"pdf\"\/>\n         <span class=\"title\">Mi vestimenta es mi cultura Uru<\/span>\n      <\/a>\n   <\/div>\n   <div class=\"document-icon\">\n      <a href=\"https:\/\/old.funproeibandes.org\/wp-content\/uploads\/2019\/02\/TOTORA-imprenta.pdf\" target=\"_blank\">\n         <img decoding=\"async\" src=\"http:\/\/old.funproeibandes.org\/wp-content\/uploads\/2019\/02\/TOTORA-imprenta-thumb.jpeg\" title=\"La Totora \u00abLa planta sagrada de los Urus\u00bb\" alt=\"La Totora \u00abLa planta sagrada de los Urus\u00bb\" data-ext=\"pdf\"\/>\n         <span class=\"title\">La Totora \u00abLa planta sagrada de los Urus\u00bb<\/span>\n      <\/a>\n   <\/div>\n   <div class=\"document-icon\">\n      <a href=\"https:\/\/old.funproeibandes.org\/wp-content\/uploads\/2019\/02\/Cartilla-ARTESANIA-URUS-copia.pdf\" target=\"_blank\">\n         <img decoding=\"async\" src=\"http:\/\/old.funproeibandes.org\/wp-content\/uploads\/2019\/02\/Cartilla-ARTESANIA-URUS-copia-thumb.jpeg\" title=\"Saberes y conocimientos en artesan\u00edas de los Urus del Lago Poop\u00f3\" alt=\"Saberes y conocimientos en artesan\u00edas de los Urus del Lago Poop\u00f3\" data-ext=\"pdf\"\/>\n         <span class=\"title\">Saberes y conocimientos en artesan\u00edas de los Urus del Lago Poop\u00f3<\/span>\n      <\/a>\n   <\/div>\n\n<\/div>\n<div class='document-icon-row'>\n   <div class=\"document-icon\">\n      <a href=\"https:\/\/old.funproeibandes.org\/wp-content\/uploads\/2019\/01\/Libro-Aprendiendo-nuestra-lengua-uru-completo_web.pdf\" target=\"_blank\">\n         <img decoding=\"async\" src=\"http:\/\/old.funproeibandes.org\/wp-content\/uploads\/2019\/01\/Libro-Aprendiendo-nuestra-lengua-uru-completo_web-thumb.jpeg\" title=\"Aprendiendo nuestra Lengua Uru \u00abCartilla de aprendizaje de la Lengua Uru\u00bb\" alt=\"Aprendiendo nuestra Lengua Uru \u00abCartilla de aprendizaje de la Lengua Uru\u00bb\" data-ext=\"pdf\"\/>\n         <span class=\"title\">Aprendiendo nuestra Lengua Uru \u00abCartilla de aprendizaje de la Lengua Uru\u00bb<\/span>\n      <\/a>\n   <\/div>\n   <div class=\"document-icon\">\n      <a href=\"https:\/\/old.funproeibandes.org\/wp-content\/uploads\/2019\/01\/La-madre-tierra-y-el-territorio.pdf\" target=\"_blank\">\n         <img decoding=\"async\" src=\"http:\/\/old.funproeibandes.org\/wp-content\/uploads\/2019\/01\/La-madre-tierra-y-el-territorio-thumb.jpeg\" title=\"Concepciones sobre la naturaleza y el cambio clim\u00e1tico. Aportes de los Pueblos Ind\u00edgenas y Afrodescendientes para una educaci\u00f3n en arm\u00f3nia con La madre tierra y el territorio\" alt=\"Concepciones sobre la naturaleza y el cambio clim\u00e1tico. Aportes de los Pueblos Ind\u00edgenas y Afrodescendientes para una educaci\u00f3n en arm\u00f3nia con La madre tierra y el territorio\" data-ext=\"pdf\"\/>\n         <span class=\"title\">Concepciones sobre la naturaleza y el cambio clim\u00e1tico. Aportes de los Pueblos Ind\u00edgenas y Afrodescendientes para una educaci\u00f3n en arm\u00f3nia con La madre tierra y el territorio<\/span>\n      <\/a>\n   <\/div>\n   <div class=\"document-icon\">\n      <a href=\"https:\/\/old.funproeibandes.org\/wp-content\/uploads\/2019\/01\/Cartilla-de-aprendizaje-del-B\u00e9siro.pdf\" target=\"_blank\">\n         <img decoding=\"async\" src=\"http:\/\/old.funproeibandes.org\/wp-content\/uploads\/2019\/01\/Cartilla-de-aprendizaje-del-B\u00e9siro-thumb.jpeg\" title=\"Cartilla de aprendizaje del B\u00e9siro como segunda Lengua\" alt=\"Cartilla de aprendizaje del B\u00e9siro como segunda Lengua\" data-ext=\"pdf\"\/>\n         <span class=\"title\">Cartilla de aprendizaje del B\u00e9siro como segunda Lengua<\/span>\n      <\/a>\n   <\/div>\n   <div class=\"document-icon\">\n      <a href=\"https:\/\/old.funproeibandes.org\/wp-content\/uploads\/2019\/01\/Afrobolivianos-popular.pdf\" target=\"_blank\">\n         <img decoding=\"async\" src=\"http:\/\/old.funproeibandes.org\/wp-content\/uploads\/2019\/01\/Afrobolivianos-popular-thumb.jpeg\" title=\"Historia, cultura y economia del Pueblo Afroboliviano\" alt=\"Historia, cultura y economia del Pueblo Afroboliviano\" data-ext=\"pdf\"\/>\n         <span class=\"title\">Historia, cultura y economia del Pueblo Afroboliviano<\/span>\n      <\/a>\n   <\/div>\n   <div class=\"document-icon\">\n      <a href=\"https:\/\/old.funproeibandes.org\/wp-content\/uploads\/2018\/12\/cartilla_lengua.pdf\" target=\"_blank\">\n         <img decoding=\"async\" src=\"http:\/\/old.funproeibandes.org\/wp-content\/uploads\/2018\/12\/cartilla_lengua-thumb.jpeg\" title=\"Hablemos en nuestra lengua Yurakar\u00e9\" alt=\"Hablemos en nuestra lengua Yurakar\u00e9\" data-ext=\"pdf\"\/>\n         <span class=\"title\">Hablemos en nuestra lengua Yurakar\u00e9<\/span>\n      <\/a>\n   <\/div>\n\n<\/div>\n<div class=\"paginate\"><span aria-current=\"page\" class=\"page-numbers current\">1<\/span>\n<a class=\"page-numbers\" href=\"?rest_route=%2Fwp%2Fv2%2Fpages%2F1462#dg_page=2\">2<\/a>\n<a class=\"next page-numbers\" href=\"?rest_route=%2Fwp%2Fv2%2Fpages%2F1462#dg_page=2\">&raquo;<\/a><\/div><\/div>\n","protected":false},"excerpt":{"rendered":"","protected":false},"author":3,"featured_media":0,"parent":0,"menu_order":0,"comment_status":"closed","ping_status":"closed","template":"","meta":{"footnotes":"","_joinchat":[]},"_links":{"self":[{"href":"https:\/\/old.funproeibandes.org\/index.php?rest_route=\/wp\/v2\/pages\/1462"}],"collection":[{"href":"https:\/\/old.funproeibandes.org\/index.php?rest_route=\/wp\/v2\/pages"}],"about":[{"href":"https:\/\/old.funproeibandes.org\/index.php?rest_route=\/wp\/v2\/types\/page"}],"author":[{"embeddable":true,"href":"https:\/\/old.funproeibandes.org\/index.php?rest_route=\/wp\/v2\/users\/3"}],"replies":[{"embeddable":true,"href":"https:\/\/old.funproeibandes.org\/index.php?rest_route=%2Fwp%2Fv2%2Fcomments&post=1462"}],"version-history":[{"count":7,"href":"https:\/\/old.funproeibandes.org\/index.php?rest_route=\/wp\/v2\/pages\/1462\/revisions"}],"predecessor-version":[{"id":1487,"href":"https:\/\/old.funproeibandes.org\/index.php?rest_route=\/wp\/v2\/pages\/1462\/revisions\/1487"}],"wp:attachment":[{"href":"https:\/\/old.funproeibandes.org\/index.php?rest_route=%2Fwp%2Fv2%2Fmedia&parent=1462"}],"curies":[{"name":"wp","href":"https:\/\/api.w.org\/{rel}","templated":true}]}}